{"id":1532,"date":"2025-02-23T18:10:06","date_gmt":"2025-02-23T18:10:06","guid":{"rendered":"https:\/\/carolynarts.com\/?post_type=product&#038;p=1532"},"modified":"2025-07-25T11:08:42","modified_gmt":"2025-07-25T11:08:42","slug":"carolynart-ferfi-diszzsebkendo-satin-dusesz-ara-orange-flower-25x25cm","status":"publish","type":"product","link":"https:\/\/carolynarts.com\/en\/product\/carolynart-ferfi-diszzsebkendo-satin-dusesz-ara-orange-flower-25x25cm\/","title":{"rendered":"Carolynart F\u00e9rfi D\u00edszzsebkend\u0151 &#8211; Satin d\u00fcsesz &#8211; Ara &#8211; Orange flower, 25x25cm"},"content":{"rendered":"","protected":false},"excerpt":{"rendered":"","protected":false},"featured_media":1524,"template":"","meta":{"_themeisle_gutenberg_block_has_review":false},"product_brand":[],"product_cat":[49],"product_tag":[],"class_list":{"0":"post-1532","1":"product","2":"type-product","3":"status-publish","4":"has-post-thumbnail","6":"product_cat-disz-zsebkendo","8":"first","9":"instock","10":"shipping-taxable","11":"purchasable","12":"product-type-simple"},"_links":{"self":[{"href":"https:\/\/carolynarts.com\/en\/wp-json\/wp\/v2\/product\/1532","targetHints":{"allow":["GET"]}}],"collection":[{"href":"https:\/\/carolynarts.com\/en\/wp-json\/wp\/v2\/product"}],"about":[{"href":"https:\/\/carolynarts.com\/en\/wp-json\/wp\/v2\/types\/product"}],"version-history":[{"count":0,"href":"https:\/\/carolynarts.com\/en\/wp-json\/wp\/v2\/product\/1532\/revisions"}],"wp:featuredmedia":[{"embeddable":true,"href":"https:\/\/carolynarts.com\/en\/wp-json\/wp\/v2\/media\/1524"}],"wp:attachment":[{"href":"https:\/\/carolynarts.com\/en\/wp-json\/wp\/v2\/media?parent=1532"}],"wp:term":[{"taxonomy":"product_brand","embeddable":true,"href":"https:\/\/carolynarts.com\/en\/wp-json\/wp\/v2\/product_brand?post=1532"},{"taxonomy":"product_cat","embeddable":true,"href":"https:\/\/carolynarts.com\/en\/wp-json\/wp\/v2\/product_cat?post=1532"},{"taxonomy":"product_tag","embeddable":true,"href":"https:\/\/carolynarts.com\/en\/wp-json\/wp\/v2\/product_tag?post=1532"}],"curies":[{"name":"wp","href":"https:\/\/api.w.org\/{rel}","templated":true}]}}