{"id":1489,"date":"2024-12-17T14:30:12","date_gmt":"2024-12-17T14:30:12","guid":{"rendered":"https:\/\/carolynarts.com\/?post_type=product&#038;p=1489"},"modified":"2025-07-25T11:12:31","modified_gmt":"2025-07-25T11:12:31","slug":"carolynart-hutomagnes-006","status":"publish","type":"product","link":"https:\/\/carolynarts.com\/en\/product\/carolynart-hutomagnes-006\/","title":{"rendered":"CarolynArt H\u0171t\u0151m\u00e1gnes 006"},"content":{"rendered":"","protected":false},"excerpt":{"rendered":"","protected":false},"featured_media":1479,"template":"","meta":{"_themeisle_gutenberg_block_has_review":false},"product_brand":[],"product_cat":[36,37],"product_tag":[],"class_list":{"0":"post-1489","1":"product","2":"type-product","3":"status-publish","4":"has-post-thumbnail","6":"product_cat-carolynart-hutomagnes","7":"product_cat-kiegeszito","9":"first","10":"instock","11":"shipping-taxable","12":"purchasable","13":"product-type-simple"},"_links":{"self":[{"href":"https:\/\/carolynarts.com\/en\/wp-json\/wp\/v2\/product\/1489","targetHints":{"allow":["GET"]}}],"collection":[{"href":"https:\/\/carolynarts.com\/en\/wp-json\/wp\/v2\/product"}],"about":[{"href":"https:\/\/carolynarts.com\/en\/wp-json\/wp\/v2\/types\/product"}],"version-history":[{"count":0,"href":"https:\/\/carolynarts.com\/en\/wp-json\/wp\/v2\/product\/1489\/revisions"}],"wp:featuredmedia":[{"embeddable":true,"href":"https:\/\/carolynarts.com\/en\/wp-json\/wp\/v2\/media\/1479"}],"wp:attachment":[{"href":"https:\/\/carolynarts.com\/en\/wp-json\/wp\/v2\/media?parent=1489"}],"wp:term":[{"taxonomy":"product_brand","embeddable":true,"href":"https:\/\/carolynarts.com\/en\/wp-json\/wp\/v2\/product_brand?post=1489"},{"taxonomy":"product_cat","embeddable":true,"href":"https:\/\/carolynarts.com\/en\/wp-json\/wp\/v2\/product_cat?post=1489"},{"taxonomy":"product_tag","embeddable":true,"href":"https:\/\/carolynarts.com\/en\/wp-json\/wp\/v2\/product_tag?post=1489"}],"curies":[{"name":"wp","href":"https:\/\/api.w.org\/{rel}","templated":true}]}}