{"id":1447,"date":"2024-12-10T14:04:20","date_gmt":"2024-12-10T14:04:20","guid":{"rendered":"https:\/\/carolynarts.com\/?post_type=product&#038;p=1447"},"modified":"2025-12-10T11:03:40","modified_gmt":"2025-12-10T11:03:40","slug":"carolynart-diszdoboz-feher-alapon","status":"publish","type":"product","link":"https:\/\/carolynarts.com\/en\/product\/carolynart-diszdoboz-feher-alapon\/","title":{"rendered":"Minden Selyemkend\u0151 v\u00e1s\u00e1rl\u00e1sakor D\u00edszdobozba helyezz\u00fck a term\u00e9ket."},"content":{"rendered":"","protected":false},"excerpt":{"rendered":"","protected":false},"featured_media":1444,"template":"","meta":{"_themeisle_gutenberg_block_has_review":false},"product_brand":[],"product_cat":[47],"product_tag":[],"class_list":{"0":"post-1447","1":"product","2":"type-product","3":"status-publish","4":"has-post-thumbnail","6":"product_cat-diszdoboz","8":"first","9":"instock","10":"shipping-taxable","11":"purchasable","12":"product-type-simple"},"_links":{"self":[{"href":"https:\/\/carolynarts.com\/en\/wp-json\/wp\/v2\/product\/1447","targetHints":{"allow":["GET"]}}],"collection":[{"href":"https:\/\/carolynarts.com\/en\/wp-json\/wp\/v2\/product"}],"about":[{"href":"https:\/\/carolynarts.com\/en\/wp-json\/wp\/v2\/types\/product"}],"version-history":[{"count":1,"href":"https:\/\/carolynarts.com\/en\/wp-json\/wp\/v2\/product\/1447\/revisions"}],"predecessor-version":[{"id":30084,"href":"https:\/\/carolynarts.com\/en\/wp-json\/wp\/v2\/product\/1447\/revisions\/30084"}],"wp:featuredmedia":[{"embeddable":true,"href":"https:\/\/carolynarts.com\/en\/wp-json\/wp\/v2\/media\/1444"}],"wp:attachment":[{"href":"https:\/\/carolynarts.com\/en\/wp-json\/wp\/v2\/media?parent=1447"}],"wp:term":[{"taxonomy":"product_brand","embeddable":true,"href":"https:\/\/carolynarts.com\/en\/wp-json\/wp\/v2\/product_brand?post=1447"},{"taxonomy":"product_cat","embeddable":true,"href":"https:\/\/carolynarts.com\/en\/wp-json\/wp\/v2\/product_cat?post=1447"},{"taxonomy":"product_tag","embeddable":true,"href":"https:\/\/carolynarts.com\/en\/wp-json\/wp\/v2\/product_tag?post=1447"}],"curies":[{"name":"wp","href":"https:\/\/api.w.org\/{rel}","templated":true}]}}