{"id":1260,"date":"2024-03-01T17:16:05","date_gmt":"2024-03-01T17:16:05","guid":{"rendered":"https:\/\/carolynarts.com\/?post_type=product&#038;p=1260"},"modified":"2025-07-25T11:22:19","modified_gmt":"2025-07-25T11:22:19","slug":"carolynart-ferfi-selyem-szaten-diszzsebkendo-papagajvirag-kek-21x21cm","status":"publish","type":"product","link":"https:\/\/carolynarts.com\/en\/product\/carolynart-ferfi-selyem-szaten-diszzsebkendo-papagajvirag-kek-21x21cm\/","title":{"rendered":"CarolynArt &#8211; Nyakkend\u0151 \u00e9s d\u00edszzsebkend\u0151 egy\u00fctt"},"content":{"rendered":"","protected":false},"excerpt":{"rendered":"","protected":false},"featured_media":1267,"template":"","meta":{"_themeisle_gutenberg_block_has_review":false},"product_brand":[],"product_cat":[49,48],"product_tag":[],"class_list":{"0":"post-1260","1":"product","2":"type-product","3":"status-publish","4":"has-post-thumbnail","6":"product_cat-disz-zsebkendo","7":"product_cat-nyakkendo","9":"first","10":"instock","11":"shipping-taxable","12":"purchasable","13":"product-type-simple"},"_links":{"self":[{"href":"https:\/\/carolynarts.com\/en\/wp-json\/wp\/v2\/product\/1260","targetHints":{"allow":["GET"]}}],"collection":[{"href":"https:\/\/carolynarts.com\/en\/wp-json\/wp\/v2\/product"}],"about":[{"href":"https:\/\/carolynarts.com\/en\/wp-json\/wp\/v2\/types\/product"}],"version-history":[{"count":0,"href":"https:\/\/carolynarts.com\/en\/wp-json\/wp\/v2\/product\/1260\/revisions"}],"wp:featuredmedia":[{"embeddable":true,"href":"https:\/\/carolynarts.com\/en\/wp-json\/wp\/v2\/media\/1267"}],"wp:attachment":[{"href":"https:\/\/carolynarts.com\/en\/wp-json\/wp\/v2\/media?parent=1260"}],"wp:term":[{"taxonomy":"product_brand","embeddable":true,"href":"https:\/\/carolynarts.com\/en\/wp-json\/wp\/v2\/product_brand?post=1260"},{"taxonomy":"product_cat","embeddable":true,"href":"https:\/\/carolynarts.com\/en\/wp-json\/wp\/v2\/product_cat?post=1260"},{"taxonomy":"product_tag","embeddable":true,"href":"https:\/\/carolynarts.com\/en\/wp-json\/wp\/v2\/product_tag?post=1260"}],"curies":[{"name":"wp","href":"https:\/\/api.w.org\/{rel}","templated":true}]}}