{"id":1227,"date":"2024-02-21T14:52:38","date_gmt":"2024-02-21T14:52:38","guid":{"rendered":"https:\/\/carolynarts.com\/?post_type=product&#038;p=1227"},"modified":"2025-07-25T11:25:01","modified_gmt":"2025-07-25T11:25:01","slug":"carolynart-kisfuzet-egi-csodak-merete-11x15-cm","status":"publish","type":"product","link":"https:\/\/carolynarts.com\/en\/product\/carolynart-kisfuzet-egi-csodak-merete-11x15-cm\/","title":{"rendered":"CarolynArt Kisf\u00fczet &#8211; \u00c9gi Csod\u00e1k &#8211; M\u00e9rete: 11&#215;15 cm"},"content":{"rendered":"","protected":false},"excerpt":{"rendered":"","protected":false},"featured_media":1236,"template":"","meta":{"_themeisle_gutenberg_block_has_review":false},"product_brand":[],"product_cat":[30,37],"product_tag":[],"class_list":{"0":"post-1227","1":"product","2":"type-product","3":"status-publish","4":"has-post-thumbnail","6":"product_cat-fuzetek","7":"product_cat-kiegeszito","9":"first","10":"instock","11":"shipping-taxable","12":"purchasable","13":"product-type-simple"},"_links":{"self":[{"href":"https:\/\/carolynarts.com\/en\/wp-json\/wp\/v2\/product\/1227","targetHints":{"allow":["GET"]}}],"collection":[{"href":"https:\/\/carolynarts.com\/en\/wp-json\/wp\/v2\/product"}],"about":[{"href":"https:\/\/carolynarts.com\/en\/wp-json\/wp\/v2\/types\/product"}],"version-history":[{"count":0,"href":"https:\/\/carolynarts.com\/en\/wp-json\/wp\/v2\/product\/1227\/revisions"}],"wp:featuredmedia":[{"embeddable":true,"href":"https:\/\/carolynarts.com\/en\/wp-json\/wp\/v2\/media\/1236"}],"wp:attachment":[{"href":"https:\/\/carolynarts.com\/en\/wp-json\/wp\/v2\/media?parent=1227"}],"wp:term":[{"taxonomy":"product_brand","embeddable":true,"href":"https:\/\/carolynarts.com\/en\/wp-json\/wp\/v2\/product_brand?post=1227"},{"taxonomy":"product_cat","embeddable":true,"href":"https:\/\/carolynarts.com\/en\/wp-json\/wp\/v2\/product_cat?post=1227"},{"taxonomy":"product_tag","embeddable":true,"href":"https:\/\/carolynarts.com\/en\/wp-json\/wp\/v2\/product_tag?post=1227"}],"curies":[{"name":"wp","href":"https:\/\/api.w.org\/{rel}","templated":true}]}}