{"id":29820,"date":"2025-07-30T08:28:54","date_gmt":"2025-07-30T08:28:54","guid":{"rendered":"https:\/\/carolynarts.com\/?page_id=29820"},"modified":"2025-07-30T08:29:54","modified_gmt":"2025-07-30T08:29:54","slug":"fuzetek","status":"publish","type":"page","link":"https:\/\/carolynarts.com\/en\/fuzetek\/","title":{"rendered":"Notebooks"},"content":{"rendered":"\t\t<div data-elementor-type=\"wp-page\" data-elementor-id=\"29820\" class=\"elementor elementor-29820\">\n\t\t\t\t\t\t<section class=\"wd-negative-gap elementor-section elementor-top-section elementor-element elementor-element-1975a38a elementor-section-boxed elementor-section-height-default elementor-section-height-default\" data-id=\"1975a38a\" data-element_type=\"section\">\n\t\t\t\t\t\t<div class=\"elementor-container elementor-column-gap-default\">\n\t\t\t\t\t<div class=\"elementor-column elementor-col-100 elementor-top-column elementor-element elementor-element-55839d65\" data-id=\"55839d65\" data-element_type=\"column\">\n\t\t\t<div class=\"elementor-widget-wrap elementor-element-populated\">\n\t\t\t\t\t\t<div class=\"elementor-element elementor-element-b71cecb elementor-absolute wd-width-100 elementor-widget elementor-widget-wd_title\" data-id=\"b71cecb\" data-element_type=\"widget\" data-settings=\"{&quot;_position&quot;:&quot;absolute&quot;}\" data-widget_type=\"wd_title.default\">\n\t\t\t\t<div class=\"elementor-widget-container\">\n\t\t\t\t\t\t\t<div class=\"title-wrapper wd-set-mb reset-last-child wd-title-color-default wd-title-style-default wd-title-size-extra-large text-right\">\n\n\t\t\t\n\t\t\t<div class=\"liner-continer\">\n\t\t\t\t<h4 class=\"woodmart-title-container title wd-fontsize-xxxl\">ARRIVALS<\/h4> \n\t\t\t\t\t\t\t<\/div>\n\n\t\t\t\t\t<\/div>\n\t\t\t\t\t\t<\/div>\n\t\t\t\t<\/div>\n\t\t\t\t<div class=\"elementor-element elementor-element-7299b391 wd-width-100 elementor-widget elementor-widget-wd_title\" data-id=\"7299b391\" data-element_type=\"widget\" data-widget_type=\"wd_title.default\">\n\t\t\t\t<div class=\"elementor-widget-container\">\n\t\t\t\t\t\t\t<div class=\"title-wrapper wd-set-mb reset-last-child wd-title-color-default wd-title-style-default wd-title-size-default text-left\">\n\n\t\t\t\n\t\t\t<div class=\"liner-continer\">\n\t\t\t\t<h4 class=\"woodmart-title-container title wd-fontsize-l\">F\u00dcZETEK<\/h4> \n\t\t\t\t\t\t\t<\/div>\n\n\t\t\t\t\t<\/div>\n\t\t\t\t\t\t<\/div>\n\t\t\t\t<\/div>\n\t\t\t\t<div class=\"elementor-element elementor-element-15e18c52 elementor-widget elementor-widget-wd_text_block\" data-id=\"15e18c52\" data-element_type=\"widget\" data-widget_type=\"wd_text_block.default\">\n\t\t\t\t<div class=\"elementor-widget-container\">\n\t\t\t\t\t\t\t<div class=\"wd-text-block reset-last-child text-left\">\n\t\t\t\n\t\t\t<p>100% Carolynarts<\/p>\n\t\t\t\t\t<\/div>\n\t\t\t\t\t\t<\/div>\n\t\t\t\t<\/div>\n\t\t\t\t\t<\/div>\n\t\t<\/div>\n\t\t\t\t\t<\/div>\n\t\t<\/section>\n\t\t\t\t<section class=\"wd-negative-gap elementor-section elementor-top-section elementor-element elementor-element-7ec03a94 elementor-section-boxed elementor-section-height-default elementor-section-height-default\" data-id=\"7ec03a94\" data-element_type=\"section\">\n\t\t\t\t\t\t<div class=\"elementor-container elementor-column-gap-default\">\n\t\t\t\t\t<div class=\"elementor-column elementor-col-100 elementor-top-column elementor-element elementor-element-6815673\" data-id=\"6815673\" data-element_type=\"column\">\n\t\t\t<div class=\"elementor-widget-wrap elementor-element-populated\">\n\t\t\t\t\t\t<div class=\"elementor-element elementor-element-5576109 wd-width-100 elementor-widget elementor-widget-wd_products\" data-id=\"5576109\" data-element_type=\"widget\" data-widget_type=\"wd_products.default\">\n\t\t\t\t<div class=\"elementor-widget-container\">\n\t\t\t\t\t\t\t\t\t\t<div class=\"wd-products-element\">\n\n\t\t\t\n\t\t\t\t\t\t\t\t\t\t\t\t\t<div class=\"wd-sticky-loader\"><span class=\"wd-loader\"><\/span><\/div>\n\t\t\t\t\t\n\t\t\t\n\t\t\t\n\t\t\t<div class=\"products wd-products pagination-arrows grid-columns-4 elements-grid wd-grid-g wd-products-with-shadow\" data-paged=\"1\" data-atts=\"{&quot;speed&quot;:null,&quot;slides_per_view&quot;:null,&quot;wrap&quot;:null,&quot;autoplay&quot;:null,&quot;autoheight&quot;:null,&quot;hide_pagination_control&quot;:null,&quot;dynamic_pagination_control&quot;:null,&quot;hide_prev_next_buttons&quot;:null,&quot;carousel_arrows_position&quot;:null,&quot;hide_scrollbar&quot;:null,&quot;scroll_per_page&quot;:null,&quot;center_mode&quot;:null,&quot;spacing&quot;:&quot;&quot;,&quot;carousel_sync&quot;:null,&quot;sync_parent_id&quot;:null,&quot;sync_child_id&quot;:null,&quot;scroll_carousel_init&quot;:null,&quot;disable_overflow_carousel&quot;:null,&quot;include&quot;:null,&quot;taxonomies&quot;:[&quot;30&quot;],&quot;orderby&quot;:&quot;date&quot;,&quot;meta_key&quot;:null,&quot;shop_tools&quot;:null,&quot;ajax_recently_viewed&quot;:null,&quot;pagination&quot;:&quot;arrows&quot;,&quot;pagination_arrows_position&quot;:null,&quot;items_per_page&quot;:200,&quot;columns&quot;:{&quot;unit&quot;:&quot;px&quot;,&quot;size&quot;:&quot;4&quot;,&quot;sizes&quot;:[]},&quot;products_masonry&quot;:&quot;&quot;,&quot;products_different_sizes&quot;:&quot;&quot;,&quot;product_quantity&quot;:&quot;&quot;,&quot;sale_countdown&quot;:&quot;0&quot;,&quot;stretch_product&quot;:null,&quot;stock_progress_bar&quot;:&quot;0&quot;,&quot;highlighted_products&quot;:&quot;0&quot;,&quot;products_divider&quot;:null,&quot;products_bordered_grid&quot;:&quot;0&quot;,&quot;products_bordered_grid_style&quot;:null,&quot;products_with_background&quot;:&quot;0&quot;,&quot;products_shadow&quot;:&quot;1&quot;,&quot;img_size&quot;:&quot;large&quot;,&quot;img_size_custom&quot;:null,&quot;grid_gallery_control&quot;:null,&quot;grid_gallery_enable_arrows&quot;:null,&quot;elementor&quot;:true,&quot;force_not_ajax&quot;:&quot;no&quot;}\" data-source=\"shortcode\" data-columns=\"4\" data-grid-gallery=\"\" style=\"--wd-col-lg:4;--wd-col-md:4;--wd-col-sm:2;--wd-gap-lg:20px;--wd-gap-sm:10px;\">\n\t\t\n\t\t\t\t\t\t\t\t<div class=\"wd-product wd-hover-alt wd-col product-grid-item product type-product post-1242 status-publish instock product_cat-fuzetek product_cat-kiegeszito has-post-thumbnail shipping-taxable purchasable product-type-simple\" data-loop=\"1\" data-id=\"1242\">\n\t\n\t\n<div class=\"product-wrapper\">\n\t<div class=\"product-element-top wd-quick-shop\">\n\t\t<a href=\"https:\/\/carolynarts.com\/en\/product\/carolynart-kisfuzet-csend-hangjai-merete-15x21-cm\/\" class=\"product-image-link\" aria-label=\"CarolynArt f\u00fczet &#8211; Csend hangjai &#8211; M\u00e9rete: 15&#215;21 cm\">\n\t\t\t<img fetchpriority=\"high\" decoding=\"async\" width=\"567\" height=\"800\" src=\"https:\/\/carolynarts.com\/wp-content\/uploads\/2024\/02\/Photoroom_20240220_115533-2-567x800.jpeg\" class=\"attachment-large size-large\" alt=\"\" srcset=\"https:\/\/carolynarts.com\/wp-content\/uploads\/2024\/02\/Photoroom_20240220_115533-2-567x800.jpeg 567w, https:\/\/carolynarts.com\/wp-content\/uploads\/2024\/02\/Photoroom_20240220_115533-2-150x212.jpeg 150w, https:\/\/carolynarts.com\/wp-content\/uploads\/2024\/02\/Photoroom_20240220_115533-2-700x988.jpeg 700w, https:\/\/carolynarts.com\/wp-content\/uploads\/2024\/02\/Photoroom_20240220_115533-2-212x300.jpeg 212w, https:\/\/carolynarts.com\/wp-content\/uploads\/2024\/02\/Photoroom_20240220_115533-2-768x1084.jpeg 768w, https:\/\/carolynarts.com\/wp-content\/uploads\/2024\/02\/Photoroom_20240220_115533-2-1088x1536.jpeg 1088w, https:\/\/carolynarts.com\/wp-content\/uploads\/2024\/02\/Photoroom_20240220_115533-2-1451x2048.jpeg 1451w, https:\/\/carolynarts.com\/wp-content\/uploads\/2024\/02\/Photoroom_20240220_115533-2-8x12.jpeg 8w, https:\/\/carolynarts.com\/wp-content\/uploads\/2024\/02\/Photoroom_20240220_115533-2.jpeg 1612w\" sizes=\"(max-width: 567px) 100vw, 567px\" \/>\t\t<\/a>\n\n\t\t\t\t\t<div class=\"hover-img\">\n\t\t\t\t<img decoding=\"async\" width=\"591\" height=\"800\" src=\"https:\/\/carolynarts.com\/wp-content\/uploads\/2024\/02\/Photoroom_20240220_115449-2-591x800.jpeg\" class=\"attachment-large size-large\" alt=\"\" srcset=\"https:\/\/carolynarts.com\/wp-content\/uploads\/2024\/02\/Photoroom_20240220_115449-2-591x800.jpeg 591w, https:\/\/carolynarts.com\/wp-content\/uploads\/2024\/02\/Photoroom_20240220_115449-2-150x203.jpeg 150w, https:\/\/carolynarts.com\/wp-content\/uploads\/2024\/02\/Photoroom_20240220_115449-2-700x947.jpeg 700w, https:\/\/carolynarts.com\/wp-content\/uploads\/2024\/02\/Photoroom_20240220_115449-2-222x300.jpeg 222w, https:\/\/carolynarts.com\/wp-content\/uploads\/2024\/02\/Photoroom_20240220_115449-2-768x1039.jpeg 768w, https:\/\/carolynarts.com\/wp-content\/uploads\/2024\/02\/Photoroom_20240220_115449-2-1135x1536.jpeg 1135w, https:\/\/carolynarts.com\/wp-content\/uploads\/2024\/02\/Photoroom_20240220_115449-2-1514x2048.jpeg 1514w, https:\/\/carolynarts.com\/wp-content\/uploads\/2024\/02\/Photoroom_20240220_115449-2-9x12.jpeg 9w, https:\/\/carolynarts.com\/wp-content\/uploads\/2024\/02\/Photoroom_20240220_115449-2.jpeg 1708w\" sizes=\"(max-width: 591px) 100vw, 591px\" \/>\t\t\t<\/div>\n\t\t\t\n\t\t<div class=\"wd-buttons wd-pos-r-t\">\n\t\t\t\t\t<div class=\"wd-compare-btn product-compare-button wd-action-btn wd-style-icon wd-compare-icon\">\n\t\t\t<a href=\"https:\/\/carolynarts.com\/en\/compare\/\" data-id=\"1242\" rel=\"nofollow\" data-added-text=\"Compare products\">\n\t\t\t\t<span>Add to compare<\/span>\n\t\t\t<\/a>\n\t\t<\/div>\n\t\t\t\t\t\t\t<div class=\"quick-view wd-action-btn wd-style-icon wd-quick-view-icon\">\n\t\t\t<a\n\t\t\t\thref=\"https:\/\/carolynarts.com\/en\/product\/carolynart-kisfuzet-csend-hangjai-merete-15x21-cm\/\"\n\t\t\t\tclass=\"open-quick-view quick-view-button\"\n\t\t\t\trel=\"nofollow\"\n\t\t\t\tdata-id=\"1242\"\n\t\t\t\t>Quick view<\/a>\n\t\t<\/div>\n\t\t\t\t\t\t\t\t<div class=\"wd-wishlist-btn wd-action-btn wd-style-icon wd-wishlist-icon\">\n\t\t\t\t<a class=\"\" href=\"https:\/\/carolynarts.com\/en\/wishlist\/\" data-key=\"3b0332791d\" data-product-id=\"1242\" rel=\"nofollow\" data-added-text=\"Browse Wishlist\">\n\t\t\t\t\t<span>Add to wishlist<\/span>\n\t\t\t\t<\/a>\n\t\t\t<\/div>\n\t\t\t\t<\/div>\n\t<\/div>\n\n\t\t\t<div class=\"wd-product-header\">\n\t\t\t<h3 class=\"wd-entities-title\"><a href=\"https:\/\/carolynarts.com\/en\/product\/carolynart-kisfuzet-csend-hangjai-merete-15x21-cm\/\">CarolynArt f\u00fczet &#8211; Csend hangjai &#8211; M\u00e9rete: 15&#215;21 cm<\/a><\/h3>\t\t\t\t\t<\/div>\n\t\t\t\t<div class=\"wd-product-cats\">\n\t\t\t<a href=\"https:\/\/carolynarts.com\/en\/product-category\/fuzetek\/\" rel=\"tag\">F\u00fczetek<\/a>, <a href=\"https:\/\/carolynarts.com\/en\/product-category\/kiegeszito\/\" rel=\"tag\">Kieg\u00e9sz\u00edt\u0151<\/a>\t\t<\/div>\n\t\t\t\t<div class=\"wrap-price\">\n\t\t\t<div class=\"swap-wrapp\">\n\t\t\t\t<div class=\"swap-elements\">\n\t\t\t\t\t\n\t<span class=\"price\"><span class=\"woocommerce-Price-amount amount\"><bdi>3 800&nbsp;<span class=\"woocommerce-Price-currencySymbol\">&#70;&#116;<\/span><\/bdi><\/span><\/span>\n\t\t\t\t\t<div class=\"wd-add-btn\">\n\t\t\t\t\t\t<a href=\"?add-to-cart=1242\" aria-describedby=\"woocommerce_loop_add_to_cart_link_describedby_1242\" data-quantity=\"1\" class=\"button product_type_simple add_to_cart_button ajax_add_to_cart add-to-cart-loop\" data-product_id=\"1242\" data-product_sku=\"\" aria-label=\"Add to basket: &ldquo;CarolynArt f\u00fczet - Csend hangjai - M\u00e9rete: 15x21 cm&rdquo;\" rel=\"nofollow\" data-success_message=\"&ldquo;CarolynArt f\u00fczet - Csend hangjai - M\u00e9rete: 15x21 cm&rdquo; has been added to your cart\"><span>Add to basket<\/span><\/a>\t<span id=\"woocommerce_loop_add_to_cart_link_describedby_1242\" class=\"screen-reader-text\">\n\t\t\t<\/span>\n\t\t\t\t\t<\/div>\n\t\t\t\t<\/div>\n\t\t\t<\/div>\n\t\t\t\t\t<\/div>\n\n\t\t\n\t\t\n\t\t\t<\/div><\/div>\n\t\t\t\t\t\t\t\t<div class=\"wd-product wd-hover-alt wd-col product-grid-item product type-product post-1227 status-publish instock product_cat-fuzetek product_cat-kiegeszito has-post-thumbnail shipping-taxable purchasable product-type-simple\" data-loop=\"2\" data-id=\"1227\">\n\t\n\t\n<div class=\"product-wrapper\">\n\t<div class=\"product-element-top wd-quick-shop\">\n\t\t<a href=\"https:\/\/carolynarts.com\/en\/product\/carolynart-kisfuzet-egi-csodak-merete-11x15-cm\/\" class=\"product-image-link\" aria-label=\"CarolynArt Kisf\u00fczet &#8211; \u00c9gi Csod\u00e1k &#8211; M\u00e9rete: 11&#215;15 cm\">\n\t\t\t<img decoding=\"async\" width=\"609\" height=\"800\" src=\"https:\/\/carolynarts.com\/wp-content\/uploads\/2024\/02\/Photoroom_20240220_115025-2-609x800.jpeg\" class=\"attachment-large size-large\" alt=\"\" srcset=\"https:\/\/carolynarts.com\/wp-content\/uploads\/2024\/02\/Photoroom_20240220_115025-2-609x800.jpeg 609w, https:\/\/carolynarts.com\/wp-content\/uploads\/2024\/02\/Photoroom_20240220_115025-2-150x197.jpeg 150w, https:\/\/carolynarts.com\/wp-content\/uploads\/2024\/02\/Photoroom_20240220_115025-2-700x919.jpeg 700w, https:\/\/carolynarts.com\/wp-content\/uploads\/2024\/02\/Photoroom_20240220_115025-2-228x300.jpeg 228w, https:\/\/carolynarts.com\/wp-content\/uploads\/2024\/02\/Photoroom_20240220_115025-2-768x1009.jpeg 768w, https:\/\/carolynarts.com\/wp-content\/uploads\/2024\/02\/Photoroom_20240220_115025-2-1169x1536.jpeg 1169w, https:\/\/carolynarts.com\/wp-content\/uploads\/2024\/02\/Photoroom_20240220_115025-2-1559x2048.jpeg 1559w, https:\/\/carolynarts.com\/wp-content\/uploads\/2024\/02\/Photoroom_20240220_115025-2-9x12.jpeg 9w, https:\/\/carolynarts.com\/wp-content\/uploads\/2024\/02\/Photoroom_20240220_115025-2.jpeg 1621w\" sizes=\"(max-width: 609px) 100vw, 609px\" \/>\t\t<\/a>\n\n\t\t\t\t\t<div class=\"hover-img\">\n\t\t\t\t<img loading=\"lazy\" decoding=\"async\" width=\"965\" height=\"800\" src=\"https:\/\/carolynarts.com\/wp-content\/uploads\/2024\/02\/Photoroom_20240220_115057-2-965x800.jpeg\" class=\"attachment-large size-large\" alt=\"\" srcset=\"https:\/\/carolynarts.com\/wp-content\/uploads\/2024\/02\/Photoroom_20240220_115057-2-965x800.jpeg 965w, https:\/\/carolynarts.com\/wp-content\/uploads\/2024\/02\/Photoroom_20240220_115057-2-150x124.jpeg 150w, https:\/\/carolynarts.com\/wp-content\/uploads\/2024\/02\/Photoroom_20240220_115057-2-700x580.jpeg 700w, https:\/\/carolynarts.com\/wp-content\/uploads\/2024\/02\/Photoroom_20240220_115057-2-362x300.jpeg 362w, https:\/\/carolynarts.com\/wp-content\/uploads\/2024\/02\/Photoroom_20240220_115057-2-768x637.jpeg 768w, https:\/\/carolynarts.com\/wp-content\/uploads\/2024\/02\/Photoroom_20240220_115057-2-14x12.jpeg 14w, https:\/\/carolynarts.com\/wp-content\/uploads\/2024\/02\/Photoroom_20240220_115057-2.jpeg 1280w\" sizes=\"(max-width: 965px) 100vw, 965px\" \/>\t\t\t<\/div>\n\t\t\t\n\t\t<div class=\"wd-buttons wd-pos-r-t\">\n\t\t\t\t\t<div class=\"wd-compare-btn product-compare-button wd-action-btn wd-style-icon wd-compare-icon\">\n\t\t\t<a href=\"https:\/\/carolynarts.com\/en\/compare\/\" data-id=\"1227\" rel=\"nofollow\" data-added-text=\"Compare products\">\n\t\t\t\t<span>Add to compare<\/span>\n\t\t\t<\/a>\n\t\t<\/div>\n\t\t\t\t\t\t\t<div class=\"quick-view wd-action-btn wd-style-icon wd-quick-view-icon\">\n\t\t\t<a\n\t\t\t\thref=\"https:\/\/carolynarts.com\/en\/product\/carolynart-kisfuzet-egi-csodak-merete-11x15-cm\/\"\n\t\t\t\tclass=\"open-quick-view quick-view-button\"\n\t\t\t\trel=\"nofollow\"\n\t\t\t\tdata-id=\"1227\"\n\t\t\t\t>Quick view<\/a>\n\t\t<\/div>\n\t\t\t\t\t\t\t\t<div class=\"wd-wishlist-btn wd-action-btn wd-style-icon wd-wishlist-icon\">\n\t\t\t\t<a class=\"\" href=\"https:\/\/carolynarts.com\/en\/wishlist\/\" data-key=\"3b0332791d\" data-product-id=\"1227\" rel=\"nofollow\" data-added-text=\"Browse Wishlist\">\n\t\t\t\t\t<span>Add to wishlist<\/span>\n\t\t\t\t<\/a>\n\t\t\t<\/div>\n\t\t\t\t<\/div>\n\t<\/div>\n\n\t\t\t<div class=\"wd-product-header\">\n\t\t\t<h3 class=\"wd-entities-title\"><a href=\"https:\/\/carolynarts.com\/en\/product\/carolynart-kisfuzet-egi-csodak-merete-11x15-cm\/\">CarolynArt Kisf\u00fczet &#8211; \u00c9gi Csod\u00e1k &#8211; M\u00e9rete: 11&#215;15 cm<\/a><\/h3>\t\t\t\t\t<\/div>\n\t\t\t\t<div class=\"wd-product-cats\">\n\t\t\t<a href=\"https:\/\/carolynarts.com\/en\/product-category\/fuzetek\/\" rel=\"tag\">F\u00fczetek<\/a>, <a href=\"https:\/\/carolynarts.com\/en\/product-category\/kiegeszito\/\" rel=\"tag\">Kieg\u00e9sz\u00edt\u0151<\/a>\t\t<\/div>\n\t\t\t\t<div class=\"wrap-price\">\n\t\t\t<div class=\"swap-wrapp\">\n\t\t\t\t<div class=\"swap-elements\">\n\t\t\t\t\t\n\t<span class=\"price\"><span class=\"woocommerce-Price-amount amount\"><bdi>2 800&nbsp;<span class=\"woocommerce-Price-currencySymbol\">&#70;&#116;<\/span><\/bdi><\/span><\/span>\n\t\t\t\t\t<div class=\"wd-add-btn\">\n\t\t\t\t\t\t<a href=\"?add-to-cart=1227\" aria-describedby=\"woocommerce_loop_add_to_cart_link_describedby_1227\" data-quantity=\"1\" class=\"button product_type_simple add_to_cart_button ajax_add_to_cart add-to-cart-loop\" data-product_id=\"1227\" data-product_sku=\"\" aria-label=\"Add to basket: &ldquo;CarolynArt Kisf\u00fczet - \u00c9gi Csod\u00e1k - M\u00e9rete: 11x15 cm&rdquo;\" rel=\"nofollow\" data-success_message=\"&ldquo;CarolynArt Kisf\u00fczet - \u00c9gi Csod\u00e1k - M\u00e9rete: 11x15 cm&rdquo; has been added to your cart\"><span>Add to basket<\/span><\/a>\t<span id=\"woocommerce_loop_add_to_cart_link_describedby_1227\" class=\"screen-reader-text\">\n\t\t\t<\/span>\n\t\t\t\t\t<\/div>\n\t\t\t\t<\/div>\n\t\t\t<\/div>\n\t\t\t\t\t<\/div>\n\n\t\t\n\t\t\n\t\t\t<\/div><\/div>\n\t\t\n\t\t\t\t<\/div>\n\t\n\t\t\n\t\t\n\t\t\t\t\t<\/div>\n\t\t\n\t\t\t\t\t\t<\/div>\n\t\t\t\t<\/div>\n\t\t\t\t\t<\/div>\n\t\t<\/div>\n\t\t\t\t\t<\/div>\n\t\t<\/section>\n\t\t\t\t<\/div>\n\t\t","protected":false},"excerpt":{"rendered":"<p>ARRIVALS F\u00dcZETEK 100% Carolynarts Add to compare Quick view Add to wishlist CarolynArt f\u00fczet &#8211; Csend hangjai &#8211; M\u00e9rete: 15&#215;21<\/p>","protected":false},"author":1,"featured_media":0,"parent":0,"menu_order":0,"comment_status":"closed","ping_status":"closed","template":"elementor_header_footer","meta":{"_themeisle_gutenberg_block_has_review":false,"footnotes":""},"class_list":["post-29820","page","type-page","status-publish","hentry"],"_links":{"self":[{"href":"https:\/\/carolynarts.com\/en\/wp-json\/wp\/v2\/pages\/29820","targetHints":{"allow":["GET"]}}],"collection":[{"href":"https:\/\/carolynarts.com\/en\/wp-json\/wp\/v2\/pages"}],"about":[{"href":"https:\/\/carolynarts.com\/en\/wp-json\/wp\/v2\/types\/page"}],"author":[{"embeddable":true,"href":"https:\/\/carolynarts.com\/en\/wp-json\/wp\/v2\/users\/1"}],"replies":[{"embeddable":true,"href":"https:\/\/carolynarts.com\/en\/wp-json\/wp\/v2\/comments?post=29820"}],"version-history":[{"count":0,"href":"https:\/\/carolynarts.com\/en\/wp-json\/wp\/v2\/pages\/29820\/revisions"}],"wp:attachment":[{"href":"https:\/\/carolynarts.com\/en\/wp-json\/wp\/v2\/media?parent=29820"}],"curies":[{"name":"wp","href":"https:\/\/api.w.org\/{rel}","templated":true}]}}