{"id":29385,"date":"2025-07-25T10:59:28","date_gmt":"2025-07-25T10:59:28","guid":{"rendered":"https:\/\/carolynarts.com\/?page_id=29385"},"modified":"2025-07-29T09:35:24","modified_gmt":"2025-07-29T09:35:24","slug":"kapcsolat-2","status":"publish","type":"page","link":"https:\/\/carolynarts.com\/en\/kapcsolat-2\/","title":{"rendered":"Contact"},"content":{"rendered":"<div data-elementor-type=\"wp-page\" data-elementor-id=\"29385\" class=\"elementor elementor-29385\">\n\t\t\t\t\t\t<section class=\"wd-negative-gap elementor-section elementor-top-section elementor-element elementor-element-696341a7 elementor-section-boxed elementor-section-height-default elementor-section-height-default\" data-id=\"696341a7\" data-element_type=\"section\">\n\t\t\t\t\t\t<div class=\"elementor-container elementor-column-gap-default\">\n\t\t\t\t\t<div class=\"elementor-column elementor-col-50 elementor-top-column elementor-element elementor-element-135ab004\" data-id=\"135ab004\" data-element_type=\"column\">\n\t\t\t<div class=\"elementor-widget-wrap elementor-element-populated\">\n\t\t\t\t\t\t<div class=\"elementor-element elementor-element-20bd2848 wd-width-100 elementor-widget elementor-widget-wd_title\" data-id=\"20bd2848\" data-element_type=\"widget\" data-widget_type=\"wd_title.default\">\n\t\t\t\t<div class=\"elementor-widget-container\">\n\t\t\t\t\t\t\t<div class=\"title-wrapper wd-set-mb reset-last-child wd-title-color-default wd-title-style-bordered wd-title-size-default text-left\">\n\n\t\t\t\n\t\t\t<div class=\"liner-continer\">\n\t\t\t\t<h4 class=\"woodmart-title-container title wd-fontsize-l\">SEND US AN EMAIL<\/h4> \n\t\t\t\t\t\t\t<\/div>\n\n\t\t\t\t\t<\/div>\n\t\t\t\t\t\t<\/div>\n\t\t\t\t<\/div>\n\t\t\t\t<div class=\"elementor-element elementor-element-4c0e097c wd-cf7 elementor-widget elementor-widget-wd_contact_form_7\" data-id=\"4c0e097c\" data-element_type=\"widget\" data-widget_type=\"wd_contact_form_7.default\">\n\t\t\t\t<div class=\"elementor-widget-container\">\n\t\t\t\t\t\n<div class=\"wpcf7 no-js\" id=\"wpcf7-f1637-o1\" lang=\"hu-HU\" dir=\"ltr\" data-wpcf7-id=\"1637\">\n<div class=\"screen-reader-response\"><p role=\"status\" aria-live=\"polite\" aria-atomic=\"true\"><\/p> <ul><\/ul><\/div>\n<form action=\"\/en\/wp-json\/wp\/v2\/pages\/29385#wpcf7-f1637-o1\" method=\"post\" class=\"wpcf7-form init\" aria-label=\"Kapcsolatfelv\u00e9teli \u0171rlap\" novalidate=\"novalidate\" data-status=\"init\" data-trp-original-action=\"\/en\/wp-json\/wp\/v2\/pages\/29385#wpcf7-f1637-o1\">\n<fieldset class=\"hidden-fields-container\"><input type=\"hidden\" name=\"_wpcf7\" value=\"1637\" \/><input type=\"hidden\" name=\"_wpcf7_version\" value=\"6.1\" \/><input type=\"hidden\" name=\"_wpcf7_locale\" value=\"hu_HU\" \/><input type=\"hidden\" name=\"_wpcf7_unit_tag\" value=\"wpcf7-f1637-o1\" \/><input type=\"hidden\" name=\"_wpcf7_container_post\" value=\"0\" \/><input type=\"hidden\" name=\"_wpcf7_posted_data_hash\" value=\"\" \/>\n<\/fieldset>\n<p><label> Name<br \/>\n<span class=\"wpcf7-form-control-wrap\" data-name=\"your-name\"><input size=\"40\" maxlength=\"400\" class=\"wpcf7-form-control wpcf7-text wpcf7-validates-as-required\" autocomplete=\"name\" aria-required=\"true\" aria-invalid=\"false\" value=\"\" type=\"text\" name=\"your-name\" \/><\/span> <\/label>\n<\/p>\n<p><label> E-mail address<br \/>\n<span class=\"wpcf7-form-control-wrap\" data-name=\"your-email\"><input size=\"40\" maxlength=\"400\" class=\"wpcf7-form-control wpcf7-email wpcf7-validates-as-required wpcf7-text wpcf7-validates-as-email\" autocomplete=\"email\" aria-required=\"true\" aria-invalid=\"false\" value=\"\" type=\"email\" name=\"your-email\" \/><\/span> <\/label>\n<\/p>\n<p><label> Subject<br \/>\n<span class=\"wpcf7-form-control-wrap\" data-name=\"your-subject\"><input size=\"40\" maxlength=\"400\" class=\"wpcf7-form-control wpcf7-text wpcf7-validates-as-required\" aria-required=\"true\" aria-invalid=\"false\" value=\"\" type=\"text\" name=\"your-subject\" \/><\/span> <\/label>\n<\/p>\n<p><label> Messeage<br \/>\n<span class=\"wpcf7-form-control-wrap\" data-name=\"your-message\"><textarea cols=\"40\" rows=\"10\" maxlength=\"2000\" class=\"wpcf7-form-control wpcf7-textarea\" aria-invalid=\"false\" name=\"your-message\"><\/textarea><\/span> <\/label>\n<\/p>\n<p><input class=\"wpcf7-form-control wpcf7-submit has-spinner\" type=\"submit\" value=\"Send\" \/>\n<\/p><p style=\"display: none !important;\" class=\"akismet-fields-container\" data-prefix=\"_wpcf7_ak_\"><label>&#916;<textarea name=\"_wpcf7_ak_hp_textarea\" cols=\"45\" rows=\"8\" maxlength=\"100\"><\/textarea><\/label><input type=\"hidden\" id=\"ak_js_1\" name=\"_wpcf7_ak_js\" value=\"233\"\/><script>document.getElementById( \"ak_js_1\" ).setAttribute( \"value\", ( new Date() ).getTime() );<\/script><\/p><div class=\"wpcf7-response-output\" aria-hidden=\"true\"><\/div>\n<input type=\"hidden\" name=\"trp-form-language\" value=\"en\"\/><\/form>\n<\/div>\n\t\t\t\t<\/div>\n\t\t\t\t<\/div>\n\t\t\t\t\t<\/div>\n\t\t<\/div>\n\t\t\t\t<div class=\"elementor-column elementor-col-50 elementor-top-column elementor-element elementor-element-272f7832\" data-id=\"272f7832\" data-element_type=\"column\">\n\t\t\t<div class=\"elementor-widget-wrap elementor-element-populated\">\n\t\t\t\t\t\t<div class=\"elementor-element elementor-element-73623c27 wd-width-100 elementor-widget elementor-widget-wd_title\" data-id=\"73623c27\" data-element_type=\"widget\" data-widget_type=\"wd_title.default\">\n\t\t\t\t<div class=\"elementor-widget-container\">\n\t\t\t\t\t\t\t<div class=\"title-wrapper wd-set-mb reset-last-child wd-title-color-default wd-title-style-bordered wd-title-size-default text-left\">\n\n\t\t\t\n\t\t\t<div class=\"liner-continer\">\n\t\t\t\t<h4 class=\"woodmart-title-container title wd-fontsize-l\">OTHER CONTACT DETAILS<\/h4> \n\t\t\t\t\t\t\t<\/div>\n\n\t\t\t\t\t<\/div>\n\t\t\t\t\t\t<\/div>\n\t\t\t\t<\/div>\n\t\t\t\t<div class=\"elementor-element elementor-element-1320295a elementor-widget elementor-widget-wd_text_block\" data-id=\"1320295a\" data-element_type=\"widget\" data-widget_type=\"wd_text_block.default\">\n\t\t\t\t<div class=\"elementor-widget-container\">\n\t\t\t\t\t\t\t<div class=\"wd-text-block reset-last-child text-left\">\n\t\t\t\n\t\t\t<p>If you have any questions regarding our products, your order, or our services, please feel free to contact us using one of the methods below. We\u2019ll be happy to assist you!<\/p>\n\t\t\t\t\t<\/div>\n\t\t\t\t\t\t<\/div>\n\t\t\t\t<\/div>\n\t\t\t\t<div class=\"elementor-element elementor-element-5a5c83ea wd-width-100 elementor-widget elementor-widget-wd_title\" data-id=\"5a5c83ea\" data-element_type=\"widget\" data-widget_type=\"wd_title.default\">\n\t\t\t\t<div class=\"elementor-widget-container\">\n\t\t\t\t\t\t\t<div class=\"title-wrapper wd-set-mb reset-last-child wd-title-color-default wd-title-style-bordered wd-title-size-default text-left\">\n\n\t\t\t\n\t\t\t<div class=\"liner-continer\">\n\t\t\t\t<h4 class=\"woodmart-title-container title wd-fontsize-l\">OUR CONTACTS<\/h4> \n\t\t\t\t\t\t\t<\/div>\n\n\t\t\t\t\t<\/div>\n\t\t\t\t\t\t<\/div>\n\t\t\t\t<\/div>\n\t\t\t\t<section class=\"wd-negative-gap elementor-section elementor-inner-section elementor-element elementor-element-7c2bcf44 elementor-section-boxed elementor-section-height-default elementor-section-height-default\" data-id=\"7c2bcf44\" data-element_type=\"section\">\n\t\t\t\t\t\t<div class=\"elementor-container elementor-column-gap-extended\">\n\t\t\t\t\t<div class=\"elementor-column elementor-col-100 elementor-inner-column elementor-element elementor-element-69ecef7d\" data-id=\"69ecef7d\" data-element_type=\"column\">\n\t\t\t<div class=\"elementor-widget-wrap elementor-element-populated\">\n\t\t\t\t\t\t<div class=\"elementor-element elementor-element-ab41407 elementor-widget elementor-widget-wd_infobox\" data-id=\"ab41407\" data-element_type=\"widget\" data-widget_type=\"wd_infobox.default\">\n\t\t\t\t<div class=\"elementor-widget-container\">\n\t\t\t\t\t\t\t<div class=\"info-box-wrapper\">\n\t\t\t<div class=\"wd-info-box text-left box-icon-align-left box-style-base color-scheme- wd-items-top\">\n\t\t\t\t\n\t\t\t\t<div class=\"info-box-content\">\n\t\t\t\t\t\n\t\t\t\t\t\n\t\t\t\t\t<div class=\"info-box-inner reset-last-child\"data-elementor-setting-key=\"content\"><p><span style=\"color: rgb(51, 51, 51); font-family: &quot;Josefin Sans&quot;, Arial, Helvetica, sans-serif; font-size: 16px; font-style: normal; font-variant-ligatures: normal; font-variant-caps: normal; font-weight: 600;\">Showroom:<\/span><b> <\/b>1055 Budapest Falk Miksa u. 7.<br \/><span style=\"color: #333333;\"><strong>Phone:<\/strong><\/span> +3630\/3514019<br \/><span style=\"color: #333333;\"><strong>Email:<\/strong><\/span> info@carolynarts.com<\/p>\n<\/div>\n\n\t\t\t\t\t\t\t\t\t<\/div>\n\n\t\t\t\t\t\t\t<\/div>\n\t\t<\/div>\n\t\t\t\t\t\t<\/div>\n\t\t\t\t<\/div>\n\t\t\t\t\t<\/div>\n\t\t<\/div>\n\t\t\t\t\t<\/div>\n\t\t<\/section>\n\t\t\t\t<div class=\"elementor-element elementor-element-8d10128 wd-width-100 elementor-widget elementor-widget-wd_images_gallery\" data-id=\"8d10128\" data-element_type=\"widget\" data-widget_type=\"wd_images_gallery.default\">\n\t\t\t\t<div class=\"elementor-widget-container\">\n\t\t\t\t\t\t\t<div class=\"wd-images-gallery photoswipe-images\">\n\t\t\t\t\t\t<div class=\"wd-justified\" >\n\t\t\t\t\t\t\t\t\t\t\t\t\t\t\t\t\t\t<div class=\"wd-gallery-item\">\n\t\t\t\t\t\t\t\t\t\t\t\t\t<a  href=\"https:\/\/carolynarts.com\/wp-content\/uploads\/2025\/07\/IMG_2268-1.jpg\" data-width=\"1138\" data-height=\"1517\" data-index=\"1\" data-elementor-open-lightbox=\"no\">\n\t\t\t\t\t\t\n\t\t\t\t\t\t<img fetchpriority=\"high\" decoding=\"async\" width=\"600\" height=\"800\" src=\"https:\/\/carolynarts.com\/wp-content\/uploads\/2025\/07\/IMG_2268-1-600x800.jpg\" class=\"attachment-large size-large\" alt=\"IMG_2268 1\" srcset=\"https:\/\/carolynarts.com\/wp-content\/uploads\/2025\/07\/IMG_2268-1-600x800.jpg 600w, https:\/\/carolynarts.com\/wp-content\/uploads\/2025\/07\/IMG_2268-1-225x300.jpg 225w, https:\/\/carolynarts.com\/wp-content\/uploads\/2025\/07\/IMG_2268-1-768x1024.jpg 768w, https:\/\/carolynarts.com\/wp-content\/uploads\/2025\/07\/IMG_2268-1-9x12.jpg 9w, https:\/\/carolynarts.com\/wp-content\/uploads\/2025\/07\/IMG_2268-1-700x933.jpg 700w, https:\/\/carolynarts.com\/wp-content\/uploads\/2025\/07\/IMG_2268-1-150x200.jpg 150w, https:\/\/carolynarts.com\/wp-content\/uploads\/2025\/07\/IMG_2268-1.jpg 1138w\" sizes=\"(max-width: 600px) 100vw, 600px\" \/>\n\t\t\t\t\t\t\t\t\t\t\t\t\t<\/a>\n\t\t\t\t\t\t\t\t\t\t\t<\/div>\n\t\t\t\t\t\t\t\t\t\t\t\t\t\t\t<div class=\"wd-gallery-item\">\n\t\t\t\t\t\t\t\t\t\t\t\t\t<a  href=\"https:\/\/carolynarts.com\/wp-content\/uploads\/2025\/07\/IMG_9669-scaled.jpeg\" data-width=\"2560\" data-height=\"1716\" data-index=\"2\" data-elementor-open-lightbox=\"no\">\n\t\t\t\t\t\t\n\t\t\t\t\t\t<img decoding=\"async\" width=\"1193\" height=\"800\" src=\"https:\/\/carolynarts.com\/wp-content\/uploads\/2025\/07\/IMG_9669-scaled-1193x800.jpeg\" class=\"attachment-large size-large\" alt=\"IMG_9669\" srcset=\"https:\/\/carolynarts.com\/wp-content\/uploads\/2025\/07\/IMG_9669-scaled-1193x800.jpeg 1193w, https:\/\/carolynarts.com\/wp-content\/uploads\/2025\/07\/IMG_9669-scaled-400x268.jpeg 400w, https:\/\/carolynarts.com\/wp-content\/uploads\/2025\/07\/IMG_9669-scaled-768x515.jpeg 768w, https:\/\/carolynarts.com\/wp-content\/uploads\/2025\/07\/IMG_9669-scaled-1536x1030.jpeg 1536w, https:\/\/carolynarts.com\/wp-content\/uploads\/2025\/07\/IMG_9669-scaled-2048x1373.jpeg 2048w, https:\/\/carolynarts.com\/wp-content\/uploads\/2025\/07\/IMG_9669-scaled-18x12.jpeg 18w, https:\/\/carolynarts.com\/wp-content\/uploads\/2025\/07\/IMG_9669-scaled-700x469.jpeg 700w, https:\/\/carolynarts.com\/wp-content\/uploads\/2025\/07\/IMG_9669-scaled-150x101.jpeg 150w\" sizes=\"(max-width: 1193px) 100vw, 1193px\" \/>\n\t\t\t\t\t\t\t\t\t\t\t\t\t<\/a>\n\t\t\t\t\t\t\t\t\t\t\t<\/div>\n\t\t\t\t\t\t\t\t\t\t\t\t\t\t\t<div class=\"wd-gallery-item\">\n\t\t\t\t\t\t\t\t\t\t\t\t\t<a  href=\"https:\/\/carolynarts.com\/wp-content\/uploads\/2025\/07\/IMG_4409.jpg\" data-width=\"1200\" data-height=\"900\" data-index=\"3\" data-elementor-open-lightbox=\"no\">\n\t\t\t\t\t\t\n\t\t\t\t\t\t<img decoding=\"async\" width=\"1067\" height=\"800\" src=\"https:\/\/carolynarts.com\/wp-content\/uploads\/2025\/07\/IMG_4409-1067x800.jpg\" class=\"attachment-large size-large\" alt=\"IMG_4409\" srcset=\"https:\/\/carolynarts.com\/wp-content\/uploads\/2025\/07\/IMG_4409-1067x800.jpg 1067w, https:\/\/carolynarts.com\/wp-content\/uploads\/2025\/07\/IMG_4409-400x300.jpg 400w, https:\/\/carolynarts.com\/wp-content\/uploads\/2025\/07\/IMG_4409-768x576.jpg 768w, https:\/\/carolynarts.com\/wp-content\/uploads\/2025\/07\/IMG_4409-16x12.jpg 16w, https:\/\/carolynarts.com\/wp-content\/uploads\/2025\/07\/IMG_4409-700x525.jpg 700w, https:\/\/carolynarts.com\/wp-content\/uploads\/2025\/07\/IMG_4409-150x113.jpg 150w, https:\/\/carolynarts.com\/wp-content\/uploads\/2025\/07\/IMG_4409.jpg 1200w\" sizes=\"(max-width: 1067px) 100vw, 1067px\" \/>\n\t\t\t\t\t\t\t\t\t\t\t\t\t<\/a>\n\t\t\t\t\t\t\t\t\t\t\t<\/div>\n\t\t\t\t\t\t\t\t\t\t\t\t\t\t\t<div class=\"wd-gallery-item\">\n\t\t\t\t\t\t\t\t\t\t\t\t\t<a  href=\"https:\/\/carolynarts.com\/wp-content\/uploads\/2025\/07\/IMG_4410.jpg\" data-width=\"1200\" data-height=\"900\" data-index=\"4\" data-elementor-open-lightbox=\"no\">\n\t\t\t\t\t\t\n\t\t\t\t\t\t<img loading=\"lazy\" decoding=\"async\" width=\"1067\" height=\"800\" src=\"https:\/\/carolynarts.com\/wp-content\/uploads\/2025\/07\/IMG_4410-1067x800.jpg\" class=\"attachment-large size-large\" alt=\"IMG_4410\" srcset=\"https:\/\/carolynarts.com\/wp-content\/uploads\/2025\/07\/IMG_4410-1067x800.jpg 1067w, https:\/\/carolynarts.com\/wp-content\/uploads\/2025\/07\/IMG_4410-400x300.jpg 400w, https:\/\/carolynarts.com\/wp-content\/uploads\/2025\/07\/IMG_4410-768x576.jpg 768w, https:\/\/carolynarts.com\/wp-content\/uploads\/2025\/07\/IMG_4410-16x12.jpg 16w, https:\/\/carolynarts.com\/wp-content\/uploads\/2025\/07\/IMG_4410-700x525.jpg 700w, https:\/\/carolynarts.com\/wp-content\/uploads\/2025\/07\/IMG_4410-150x113.jpg 150w, https:\/\/carolynarts.com\/wp-content\/uploads\/2025\/07\/IMG_4410.jpg 1200w\" sizes=\"(max-width: 1067px) 100vw, 1067px\" \/>\n\t\t\t\t\t\t\t\t\t\t\t\t\t<\/a>\n\t\t\t\t\t\t\t\t\t\t\t<\/div>\n\t\t\t\t\t\t\t\t\t\t\t\t\t\t\t<div class=\"wd-gallery-item\">\n\t\t\t\t\t\t\t\t\t\t\t\t\t<a  href=\"https:\/\/carolynarts.com\/wp-content\/uploads\/2025\/07\/IMG_4411.jpg\" data-width=\"1129\" data-height=\"1505\" data-index=\"5\" data-elementor-open-lightbox=\"no\">\n\t\t\t\t\t\t\n\t\t\t\t\t\t<img loading=\"lazy\" decoding=\"async\" width=\"600\" height=\"800\" src=\"https:\/\/carolynarts.com\/wp-content\/uploads\/2025\/07\/IMG_4411-600x800.jpg\" class=\"attachment-large size-large\" alt=\"IMG_4411\" srcset=\"https:\/\/carolynarts.com\/wp-content\/uploads\/2025\/07\/IMG_4411-600x800.jpg 600w, https:\/\/carolynarts.com\/wp-content\/uploads\/2025\/07\/IMG_4411-225x300.jpg 225w, https:\/\/carolynarts.com\/wp-content\/uploads\/2025\/07\/IMG_4411-768x1024.jpg 768w, https:\/\/carolynarts.com\/wp-content\/uploads\/2025\/07\/IMG_4411-9x12.jpg 9w, https:\/\/carolynarts.com\/wp-content\/uploads\/2025\/07\/IMG_4411-700x933.jpg 700w, https:\/\/carolynarts.com\/wp-content\/uploads\/2025\/07\/IMG_4411-150x200.jpg 150w, https:\/\/carolynarts.com\/wp-content\/uploads\/2025\/07\/IMG_4411.jpg 1129w\" sizes=\"(max-width: 600px) 100vw, 600px\" \/>\n\t\t\t\t\t\t\t\t\t\t\t\t\t<\/a>\n\t\t\t\t\t\t\t\t\t\t\t<\/div>\n\t\t\t\t\t\t\t\t\t\t\t\t\t\t\t<div class=\"wd-gallery-item\">\n\t\t\t\t\t\t\t\t\t\t\t\t\t<a  href=\"https:\/\/carolynarts.com\/wp-content\/uploads\/2025\/07\/IMG_4411-1.jpg\" data-width=\"1129\" data-height=\"1505\" data-index=\"6\" data-elementor-open-lightbox=\"no\">\n\t\t\t\t\t\t\n\t\t\t\t\t\t<img loading=\"lazy\" decoding=\"async\" width=\"600\" height=\"800\" src=\"https:\/\/carolynarts.com\/wp-content\/uploads\/2025\/07\/IMG_4411-1-600x800.jpg\" class=\"attachment-large size-large\" alt=\"IMG_4411-1\" srcset=\"https:\/\/carolynarts.com\/wp-content\/uploads\/2025\/07\/IMG_4411-1-600x800.jpg 600w, https:\/\/carolynarts.com\/wp-content\/uploads\/2025\/07\/IMG_4411-1-225x300.jpg 225w, https:\/\/carolynarts.com\/wp-content\/uploads\/2025\/07\/IMG_4411-1-768x1024.jpg 768w, https:\/\/carolynarts.com\/wp-content\/uploads\/2025\/07\/IMG_4411-1-9x12.jpg 9w, https:\/\/carolynarts.com\/wp-content\/uploads\/2025\/07\/IMG_4411-1-700x933.jpg 700w, https:\/\/carolynarts.com\/wp-content\/uploads\/2025\/07\/IMG_4411-1-150x200.jpg 150w, https:\/\/carolynarts.com\/wp-content\/uploads\/2025\/07\/IMG_4411-1.jpg 1129w\" sizes=\"(max-width: 600px) 100vw, 600px\" \/>\n\t\t\t\t\t\t\t\t\t\t\t\t\t<\/a>\n\t\t\t\t\t\t\t\t\t\t\t<\/div>\n\t\t\t\t\t\t\t\t\t\t\t\t\t\t\t<div class=\"wd-gallery-item\">\n\t\t\t\t\t\t\t\t\t\t\t\t\t<a  href=\"https:\/\/carolynarts.com\/wp-content\/uploads\/2025\/07\/IMG_4412.jpg\" data-width=\"1129\" data-height=\"1505\" data-index=\"7\" data-elementor-open-lightbox=\"no\">\n\t\t\t\t\t\t\n\t\t\t\t\t\t<img loading=\"lazy\" decoding=\"async\" width=\"600\" height=\"800\" src=\"https:\/\/carolynarts.com\/wp-content\/uploads\/2025\/07\/IMG_4412-600x800.jpg\" class=\"attachment-large size-large\" alt=\"IMG_4412\" srcset=\"https:\/\/carolynarts.com\/wp-content\/uploads\/2025\/07\/IMG_4412-600x800.jpg 600w, https:\/\/carolynarts.com\/wp-content\/uploads\/2025\/07\/IMG_4412-225x300.jpg 225w, https:\/\/carolynarts.com\/wp-content\/uploads\/2025\/07\/IMG_4412-768x1024.jpg 768w, https:\/\/carolynarts.com\/wp-content\/uploads\/2025\/07\/IMG_4412-9x12.jpg 9w, https:\/\/carolynarts.com\/wp-content\/uploads\/2025\/07\/IMG_4412-700x933.jpg 700w, https:\/\/carolynarts.com\/wp-content\/uploads\/2025\/07\/IMG_4412-150x200.jpg 150w, https:\/\/carolynarts.com\/wp-content\/uploads\/2025\/07\/IMG_4412.jpg 1129w\" sizes=\"(max-width: 600px) 100vw, 600px\" \/>\n\t\t\t\t\t\t\t\t\t\t\t\t\t<\/a>\n\t\t\t\t\t\t\t\t\t\t\t<\/div>\n\t\t\t\t\t\t\t\t\t\t\t\t\t\t\t<div class=\"wd-gallery-item\">\n\t\t\t\t\t\t\t\t\t\t\t\t\t<a  href=\"https:\/\/carolynarts.com\/wp-content\/uploads\/2025\/07\/IMG_4413.jpg\" data-width=\"1129\" data-height=\"1505\" data-index=\"8\" data-elementor-open-lightbox=\"no\">\n\t\t\t\t\t\t\n\t\t\t\t\t\t<img loading=\"lazy\" decoding=\"async\" width=\"600\" height=\"800\" src=\"https:\/\/carolynarts.com\/wp-content\/uploads\/2025\/07\/IMG_4413-600x800.jpg\" class=\"attachment-large size-large\" alt=\"IMG_4413\" srcset=\"https:\/\/carolynarts.com\/wp-content\/uploads\/2025\/07\/IMG_4413-600x800.jpg 600w, https:\/\/carolynarts.com\/wp-content\/uploads\/2025\/07\/IMG_4413-225x300.jpg 225w, https:\/\/carolynarts.com\/wp-content\/uploads\/2025\/07\/IMG_4413-768x1024.jpg 768w, https:\/\/carolynarts.com\/wp-content\/uploads\/2025\/07\/IMG_4413-9x12.jpg 9w, https:\/\/carolynarts.com\/wp-content\/uploads\/2025\/07\/IMG_4413-700x933.jpg 700w, https:\/\/carolynarts.com\/wp-content\/uploads\/2025\/07\/IMG_4413-150x200.jpg 150w, https:\/\/carolynarts.com\/wp-content\/uploads\/2025\/07\/IMG_4413.jpg 1129w\" sizes=\"(max-width: 600px) 100vw, 600px\" \/>\n\t\t\t\t\t\t\t\t\t\t\t\t\t<\/a>\n\t\t\t\t\t\t\t\t\t\t\t<\/div>\n\t\t\t\t\t\t\t\t\t\t\t\t\t\t\t<div class=\"wd-gallery-item\">\n\t\t\t\t\t\t\t\t\t\t\t\t\t<a  href=\"https:\/\/carolynarts.com\/wp-content\/uploads\/2025\/07\/IMG_4414.jpg\" data-width=\"1129\" data-height=\"1505\" data-index=\"9\" data-elementor-open-lightbox=\"no\">\n\t\t\t\t\t\t\n\t\t\t\t\t\t<img loading=\"lazy\" decoding=\"async\" width=\"600\" height=\"800\" src=\"https:\/\/carolynarts.com\/wp-content\/uploads\/2025\/07\/IMG_4414-600x800.jpg\" class=\"attachment-large size-large\" alt=\"IMG_4414\" srcset=\"https:\/\/carolynarts.com\/wp-content\/uploads\/2025\/07\/IMG_4414-600x800.jpg 600w, https:\/\/carolynarts.com\/wp-content\/uploads\/2025\/07\/IMG_4414-225x300.jpg 225w, https:\/\/carolynarts.com\/wp-content\/uploads\/2025\/07\/IMG_4414-768x1024.jpg 768w, https:\/\/carolynarts.com\/wp-content\/uploads\/2025\/07\/IMG_4414-9x12.jpg 9w, https:\/\/carolynarts.com\/wp-content\/uploads\/2025\/07\/IMG_4414-700x933.jpg 700w, https:\/\/carolynarts.com\/wp-content\/uploads\/2025\/07\/IMG_4414-150x200.jpg 150w, https:\/\/carolynarts.com\/wp-content\/uploads\/2025\/07\/IMG_4414.jpg 1129w\" sizes=\"(max-width: 600px) 100vw, 600px\" \/>\n\t\t\t\t\t\t\t\t\t\t\t\t\t<\/a>\n\t\t\t\t\t\t\t\t\t\t\t<\/div>\n\t\t\t\t\t\t\t\t\t\t\t\t\t<\/div>\n\t\t\t\t\t<\/div>\n\t\t\t\t\t\t<\/div>\n\t\t\t\t<\/div>\n\t\t\t\t\t<\/div>\n\t\t<\/div>\n\t\t\t\t\t<\/div>\n\t\t<\/section>\n\t\t\t\t<\/div>","protected":false},"excerpt":{"rendered":"<p>K\u00dcLDJ\u00d6N NEK\u00dcNK E-MAILT N\u00e9v E-mail c\u00edm T\u00e1rgy \u00dczenet (nem k\u00f6telez\u0151) &#916; EGY\u00c9B EL\u00c9RHET\u0150S\u00c9GEINK Ha k\u00e9rd\u00e9se van term\u00e9keinkkel, rendel\u00e9s\u00e9vel vagy szolg\u00e1ltat\u00e1sainkkal<\/p>","protected":false},"author":1,"featured_media":0,"parent":0,"menu_order":0,"comment_status":"closed","ping_status":"closed","template":"elementor_header_footer","meta":{"_themeisle_gutenberg_block_has_review":false,"footnotes":""},"class_list":["post-29385","page","type-page","status-publish","hentry"],"_links":{"self":[{"href":"https:\/\/carolynarts.com\/en\/wp-json\/wp\/v2\/pages\/29385","targetHints":{"allow":["GET"]}}],"collection":[{"href":"https:\/\/carolynarts.com\/en\/wp-json\/wp\/v2\/pages"}],"about":[{"href":"https:\/\/carolynarts.com\/en\/wp-json\/wp\/v2\/types\/page"}],"author":[{"embeddable":true,"href":"https:\/\/carolynarts.com\/en\/wp-json\/wp\/v2\/users\/1"}],"replies":[{"embeddable":true,"href":"https:\/\/carolynarts.com\/en\/wp-json\/wp\/v2\/comments?post=29385"}],"version-history":[{"count":0,"href":"https:\/\/carolynarts.com\/en\/wp-json\/wp\/v2\/pages\/29385\/revisions"}],"wp:attachment":[{"href":"https:\/\/carolynarts.com\/en\/wp-json\/wp\/v2\/media?parent=29385"}],"curies":[{"name":"wp","href":"https:\/\/api.w.org\/{rel}","templated":true}]}}