{"id":29202,"date":"2025-07-25T06:07:59","date_gmt":"2025-07-25T06:07:59","guid":{"rendered":"https:\/\/carolynarts.com\/?page_id=29202"},"modified":"2025-07-31T12:08:25","modified_gmt":"2025-07-31T12:08:25","slug":"termekek-2","status":"publish","type":"page","link":"https:\/\/carolynarts.com\/en\/termekek-2\/","title":{"rendered":"Products"},"content":{"rendered":"<div data-elementor-type=\"wp-page\" data-elementor-id=\"29202\" class=\"elementor elementor-29202\">\n\t\t\t\t\t\t<section class=\"wd-negative-gap elementor-section elementor-top-section elementor-element elementor-element-11bcb71f elementor-section-boxed elementor-section-height-default elementor-section-height-default\" data-id=\"11bcb71f\" data-element_type=\"section\">\n\t\t\t\t\t\t<div class=\"elementor-container elementor-column-gap-default\">\n\t\t\t\t\t<div class=\"elementor-column elementor-col-100 elementor-top-column elementor-element elementor-element-7c97f189\" data-id=\"7c97f189\" data-element_type=\"column\">\n\t\t\t<div class=\"elementor-widget-wrap elementor-element-populated\">\n\t\t\t\t\t\t<div class=\"elementor-element elementor-element-39573ccd wd-width-100 elementor-widget elementor-widget-wd_title\" data-id=\"39573ccd\" data-element_type=\"widget\" data-widget_type=\"wd_title.default\">\n\t\t\t\t<div class=\"elementor-widget-container\">\n\t\t\t\t\t\t\t<div class=\"title-wrapper wd-set-mb reset-last-child wd-title-color-default wd-title-style-default wd-title-size-medium text-center\">\n\n\t\t\t\t\t\t\t\t\t\t\t<div class=\"title-subtitle subtitle-color-default subtitle-style-default wd-fontsize-xs\">\n\t\t\t\t\tCAROLYNARTS COLLECTION\t\t\t\t<\/div>\n\t\t\t\n\t\t\t<div class=\"liner-continer\">\n\t\t\t\t<h4 class=\"woodmart-title-container title wd-fontsize-xl\">PRODUCTS<\/h4> \n\t\t\t\t\t\t\t<\/div>\n\n\t\t\t\t\t\t\t<div class=\"title-after_title reset-last-child wd-fontsize-s\">\n\t\t\t\t\t<p>Choose from our products and buy online.<\/p>\t\t\t\t<\/div>\n\t\t\t\t\t<\/div>\n\t\t\t\t\t\t<\/div>\n\t\t\t\t<\/div>\n\t\t\t\t<div class=\"elementor-element elementor-element-1dad0a9f wd-width-100 wd-nav-accordion-mb-on elementor-widget elementor-widget-wd_product_categories\" data-id=\"1dad0a9f\" data-element_type=\"widget\" data-widget_type=\"wd_product_categories.default\">\n\t\t\t\t<div class=\"elementor-widget-container\">\n\t\t\t\t\t\t\t\t\t\t\t\t\t\t\n\t\t\t\t<div class=\"wd-cats-element\">\n\t\t\t\t\t<div class=\"wd-masonry wd-grid-f-col wd-masonry-first wd-cats products woocommerce columns-4 elements-grid\" style=\"--wd-col-lg:4;--wd-col-md:4;--wd-col-sm:2;--wd-gap-lg:20px;--wd-gap-sm:10px;\">\n\t\t\t\t\t\t\t\t\t\t\t\t\t\n<div class=\"wd-col wd-wider wd-cat cat-design-zoom-out without-product-count wd-with-subcat product-category product first\" data-loop=\"1\">\n\t\n\t<div class=\"wd-cat-inner\">\n\t\t<div class=\"wd-cat-thumb\">\n\t\t\t\t\t\t<div class=\"wd-cat-image\">\n\t\t\t\t\n\t\t\t\t<img fetchpriority=\"high\" decoding=\"async\" width=\"2000\" height=\"2000\" src=\"https:\/\/carolynarts.com\/wp-content\/uploads\/2023\/05\/PES-selyem-kendc-10.jpg\" class=\"attachment-full size-full\" alt=\"\" srcset=\"https:\/\/carolynarts.com\/wp-content\/uploads\/2023\/05\/PES-selyem-kendc-10.jpg 2000w, https:\/\/carolynarts.com\/wp-content\/uploads\/2023\/05\/PES-selyem-kendc-10-430x430.jpg 430w, https:\/\/carolynarts.com\/wp-content\/uploads\/2023\/05\/PES-selyem-kendc-10-150x150.jpg 150w, https:\/\/carolynarts.com\/wp-content\/uploads\/2023\/05\/PES-selyem-kendc-10-700x700.jpg 700w, https:\/\/carolynarts.com\/wp-content\/uploads\/2023\/05\/PES-selyem-kendc-10-300x300.jpg 300w, https:\/\/carolynarts.com\/wp-content\/uploads\/2023\/05\/PES-selyem-kendc-10-800x800.jpg 800w, https:\/\/carolynarts.com\/wp-content\/uploads\/2023\/05\/PES-selyem-kendc-10-768x768.jpg 768w, https:\/\/carolynarts.com\/wp-content\/uploads\/2023\/05\/PES-selyem-kendc-10-1536x1536.jpg 1536w, https:\/\/carolynarts.com\/wp-content\/uploads\/2023\/05\/PES-selyem-kendc-10-12x12.jpg 12w\" sizes=\"(max-width: 2000px) 100vw, 2000px\" \/>\t\t\t<\/div>\n\t\t<\/div>\n\t\t<div class=\"wd-cat-content wd-fill\">\n\t\t\t<a class=\"wd-fill\" href=\"https:\/\/carolynarts.com\/en\/product-category\/selyem-kendo-pes\/\" aria-label=\"Product category selyem-kendo-pes\"><\/a>\n\t\t\t<div class=\"wd-cat-header\">\n\t\t\t\t<h3 class=\"wd-entities-title\">\n\t\t\t\t\t<a href=\"https:\/\/carolynarts.com\/en\/product-category\/selyem-kendo-pes\/\">\n\t\t\t\t\t\t100% Silk Scarf\t\t\t\t\t<\/a>\n\t\t\t\t<\/h3>\n\n\t\t\t\t\t\t\t<\/div>\n\t\t<\/div>\n\t<\/div>\n\n\t<\/div>\n\t\t\t\t\t\t\t\t\t\t\t\t\t\n<div class=\"wd-col wd-cat cat-design-zoom-out without-product-count wd-with-subcat product-category product\" data-loop=\"2\">\n\t\n\t<div class=\"wd-cat-inner\">\n\t\t<div class=\"wd-cat-thumb\">\n\t\t\t\t\t\t<div class=\"wd-cat-image\">\n\t\t\t\t\n\t\t\t\t<img decoding=\"async\" width=\"593\" height=\"800\" src=\"https:\/\/carolynarts.com\/wp-content\/uploads\/2024\/12\/IMG_5891-593x800.jpeg\" class=\"attachment-large size-large\" alt=\"\" srcset=\"https:\/\/carolynarts.com\/wp-content\/uploads\/2024\/12\/IMG_5891-593x800.jpeg 593w, https:\/\/carolynarts.com\/wp-content\/uploads\/2024\/12\/IMG_5891-222x300.jpeg 222w, https:\/\/carolynarts.com\/wp-content\/uploads\/2024\/12\/IMG_5891-768x1036.jpeg 768w, https:\/\/carolynarts.com\/wp-content\/uploads\/2024\/12\/IMG_5891-1139x1536.jpeg 1139w, https:\/\/carolynarts.com\/wp-content\/uploads\/2024\/12\/IMG_5891-9x12.jpeg 9w, https:\/\/carolynarts.com\/wp-content\/uploads\/2024\/12\/IMG_5891-700x944.jpeg 700w, https:\/\/carolynarts.com\/wp-content\/uploads\/2024\/12\/IMG_5891-150x202.jpeg 150w, https:\/\/carolynarts.com\/wp-content\/uploads\/2024\/12\/IMG_5891.jpeg 1186w\" sizes=\"(max-width: 593px) 100vw, 593px\" \/>\t\t\t<\/div>\n\t\t<\/div>\n\t\t<div class=\"wd-cat-content wd-fill\">\n\t\t\t<a class=\"wd-fill\" href=\"https:\/\/carolynarts.com\/en\/product-category\/carolynart-hutomagnes\/\" aria-label=\"Product category carolynart-hutomagnes\"><\/a>\n\t\t\t<div class=\"wd-cat-header\">\n\t\t\t\t<h3 class=\"wd-entities-title\">\n\t\t\t\t\t<a href=\"https:\/\/carolynarts.com\/en\/product-category\/carolynart-hutomagnes\/\">\n\t\t\t\t\t\tCarolynArt H\u0171t\u0151m\u00e1gnes\t\t\t\t\t<\/a>\n\t\t\t\t<\/h3>\n\n\t\t\t\t\t\t\t<\/div>\n\t\t<\/div>\n\t<\/div>\n\n\t<\/div>\n\t\t\t\t\t\t\t\t\t\t\t\t\t\n<div class=\"wd-col wd-cat cat-design-zoom-out without-product-count wd-with-subcat product-category product\" data-loop=\"3\">\n\t\n\t<div class=\"wd-cat-inner\">\n\t\t<div class=\"wd-cat-thumb\">\n\t\t\t\t\t\t<div class=\"wd-cat-image\">\n\t\t\t\t\n\t\t\t\t<img decoding=\"async\" width=\"600\" height=\"800\" src=\"https:\/\/carolynarts.com\/wp-content\/uploads\/2024\/02\/IMG_6790.jpeg\" class=\"attachment-large size-large\" alt=\"\" srcset=\"https:\/\/carolynarts.com\/wp-content\/uploads\/2024\/02\/IMG_6790.jpeg 600w, https:\/\/carolynarts.com\/wp-content\/uploads\/2024\/02\/IMG_6790-150x200.jpeg 150w, https:\/\/carolynarts.com\/wp-content\/uploads\/2024\/02\/IMG_6790-225x300.jpeg 225w, https:\/\/carolynarts.com\/wp-content\/uploads\/2024\/02\/IMG_6790-9x12.jpeg 9w\" sizes=\"(max-width: 600px) 100vw, 600px\" \/>\t\t\t<\/div>\n\t\t<\/div>\n\t\t<div class=\"wd-cat-content wd-fill\">\n\t\t\t<a class=\"wd-fill\" href=\"https:\/\/carolynarts.com\/en\/product-category\/kimono\/\" aria-label=\"Product category kimono\"><\/a>\n\t\t\t<div class=\"wd-cat-header\">\n\t\t\t\t<h3 class=\"wd-entities-title\">\n\t\t\t\t\t<a href=\"https:\/\/carolynarts.com\/en\/product-category\/kimono\/\">\n\t\t\t\t\t\tCarolynArt Kimono, CarolynArt Dress\t\t\t\t\t<\/a>\n\t\t\t\t<\/h3>\n\n\t\t\t\t\t\t\t<\/div>\n\t\t<\/div>\n\t<\/div>\n\n\t<\/div>\n\t\t\t\t\t\t\t\t\t\t\t\t\t\n<div class=\"wd-col wd-cat cat-design-zoom-out without-product-count wd-with-subcat product-category product last\" data-loop=\"4\">\n\t\n\t<div class=\"wd-cat-inner\">\n\t\t<div class=\"wd-cat-thumb\">\n\t\t\t\t\t\t<div class=\"wd-cat-image\">\n\t\t\t\t\n\t\t\t\t<img loading=\"lazy\" decoding=\"async\" width=\"800\" height=\"800\" src=\"https:\/\/carolynarts.com\/wp-content\/uploads\/2023\/05\/d\u00b0szdoboz-3-800x800.jpg\" class=\"attachment-large size-large\" alt=\"\" srcset=\"https:\/\/carolynarts.com\/wp-content\/uploads\/2023\/05\/d\u00b0szdoboz-3-800x800.jpg 800w, https:\/\/carolynarts.com\/wp-content\/uploads\/2023\/05\/d\u00b0szdoboz-3-430x430.jpg 430w, https:\/\/carolynarts.com\/wp-content\/uploads\/2023\/05\/d\u00b0szdoboz-3-150x150.jpg 150w, https:\/\/carolynarts.com\/wp-content\/uploads\/2023\/05\/d\u00b0szdoboz-3-700x700.jpg 700w, https:\/\/carolynarts.com\/wp-content\/uploads\/2023\/05\/d\u00b0szdoboz-3-300x300.jpg 300w, https:\/\/carolynarts.com\/wp-content\/uploads\/2023\/05\/d\u00b0szdoboz-3-768x768.jpg 768w, https:\/\/carolynarts.com\/wp-content\/uploads\/2023\/05\/d\u00b0szdoboz-3-1536x1536.jpg 1536w, https:\/\/carolynarts.com\/wp-content\/uploads\/2023\/05\/d\u00b0szdoboz-3-12x12.jpg 12w, https:\/\/carolynarts.com\/wp-content\/uploads\/2023\/05\/d\u00b0szdoboz-3.jpg 2000w\" sizes=\"(max-width: 800px) 100vw, 800px\" \/>\t\t\t<\/div>\n\t\t<\/div>\n\t\t<div class=\"wd-cat-content wd-fill\">\n\t\t\t<a class=\"wd-fill\" href=\"https:\/\/carolynarts.com\/en\/product-category\/diszdoboz\/\" aria-label=\"Product category diszdoboz\"><\/a>\n\t\t\t<div class=\"wd-cat-header\">\n\t\t\t\t<h3 class=\"wd-entities-title\">\n\t\t\t\t\t<a href=\"https:\/\/carolynarts.com\/en\/product-category\/diszdoboz\/\">\n\t\t\t\t\t\tGift Box\t\t\t\t\t<\/a>\n\t\t\t\t<\/h3>\n\n\t\t\t\t\t\t\t<\/div>\n\t\t<\/div>\n\t<\/div>\n\n\t<\/div>\n\t\t\t\t\t\t\t\t\t\t\t\t\t\n<div class=\"wd-col wd-cat cat-design-zoom-out without-product-count wd-with-subcat product-category product first\" data-loop=\"5\">\n\t\n\t<div class=\"wd-cat-inner\">\n\t\t<div class=\"wd-cat-thumb\">\n\t\t\t\t\t\t<div class=\"wd-cat-image\">\n\t\t\t\t\n\t\t\t\t<img loading=\"lazy\" decoding=\"async\" width=\"800\" height=\"800\" src=\"https:\/\/carolynarts.com\/wp-content\/uploads\/2022\/11\/p\u2020rna-2.jpg\" class=\"attachment-large size-large\" alt=\"\" srcset=\"https:\/\/carolynarts.com\/wp-content\/uploads\/2022\/11\/p\u2020rna-2.jpg 2000w, https:\/\/carolynarts.com\/wp-content\/uploads\/2022\/11\/p\u2020rna-2-430x430.jpg 430w, https:\/\/carolynarts.com\/wp-content\/uploads\/2022\/11\/p\u2020rna-2-150x150.jpg 150w, https:\/\/carolynarts.com\/wp-content\/uploads\/2022\/11\/p\u2020rna-2-700x700.jpg 700w\" sizes=\"(max-width: 800px) 100vw, 800px\" \/>\t\t\t<\/div>\n\t\t<\/div>\n\t\t<div class=\"wd-cat-content wd-fill\">\n\t\t\t<a class=\"wd-fill\" href=\"https:\/\/carolynarts.com\/en\/product-category\/diszparna\/\" aria-label=\"Product category diszparna\"><\/a>\n\t\t\t<div class=\"wd-cat-header\">\n\t\t\t\t<h3 class=\"wd-entities-title\">\n\t\t\t\t\t<a href=\"https:\/\/carolynarts.com\/en\/product-category\/diszparna\/\">\n\t\t\t\t\t\tD\u00edszp\u00e1rna\t\t\t\t\t<\/a>\n\t\t\t\t<\/h3>\n\n\t\t\t\t\t\t\t<\/div>\n\t\t<\/div>\n\t<\/div>\n\n\t<\/div>\n\t\t\t\t\t\t\t\t\t\t\t\t\t\n<div class=\"wd-col wd-cat cat-design-zoom-out without-product-count wd-with-subcat product-category product\" data-loop=\"6\">\n\t\n\t<div class=\"wd-cat-inner\">\n\t\t<div class=\"wd-cat-thumb\">\n\t\t\t\t\t\t<div class=\"wd-cat-image\">\n\t\t\t\t\n\t\t\t\t<img loading=\"lazy\" decoding=\"async\" width=\"807\" height=\"800\" src=\"https:\/\/carolynarts.com\/wp-content\/uploads\/2024\/03\/IMG_0330-807x800.jpg\" class=\"attachment-large size-large\" alt=\"\" srcset=\"https:\/\/carolynarts.com\/wp-content\/uploads\/2024\/03\/IMG_0330-807x800.jpg 807w, https:\/\/carolynarts.com\/wp-content\/uploads\/2024\/03\/IMG_0330-303x300.jpg 303w, https:\/\/carolynarts.com\/wp-content\/uploads\/2024\/03\/IMG_0330-150x149.jpg 150w, https:\/\/carolynarts.com\/wp-content\/uploads\/2024\/03\/IMG_0330-768x761.jpg 768w, https:\/\/carolynarts.com\/wp-content\/uploads\/2024\/03\/IMG_0330-12x12.jpg 12w, https:\/\/carolynarts.com\/wp-content\/uploads\/2024\/03\/IMG_0330-700x694.jpg 700w, https:\/\/carolynarts.com\/wp-content\/uploads\/2024\/03\/IMG_0330.jpg 1170w\" sizes=\"(max-width: 807px) 100vw, 807px\" \/>\t\t\t<\/div>\n\t\t<\/div>\n\t\t<div class=\"wd-cat-content wd-fill\">\n\t\t\t<a class=\"wd-fill\" href=\"https:\/\/carolynarts.com\/en\/product-category\/disz-zsebkendo\/\" aria-label=\"Product category disz-zsebkendo\"><\/a>\n\t\t\t<div class=\"wd-cat-header\">\n\t\t\t\t<h3 class=\"wd-entities-title\">\n\t\t\t\t\t<a href=\"https:\/\/carolynarts.com\/en\/product-category\/disz-zsebkendo\/\">\n\t\t\t\t\t\tD\u00edszzsebkend\u0151\t\t\t\t\t<\/a>\n\t\t\t\t<\/h3>\n\n\t\t\t\t\t\t\t<\/div>\n\t\t<\/div>\n\t<\/div>\n\n\t<\/div>\n\t\t\t\t\t\t\t\t\t\t\t\t\t\n<div class=\"wd-col wd-cat cat-design-zoom-out without-product-count wd-with-subcat product-category product\" data-loop=\"7\">\n\t\n\t<div class=\"wd-cat-inner\">\n\t\t<div class=\"wd-cat-thumb\">\n\t\t\t\t\t\t<div class=\"wd-cat-image\">\n\t\t\t\t\n\t\t\t\t<img loading=\"lazy\" decoding=\"async\" width=\"567\" height=\"800\" src=\"https:\/\/carolynarts.com\/wp-content\/uploads\/2024\/02\/Photoroom_20240220_115533-2-567x800.jpeg\" class=\"attachment-large size-large\" alt=\"\" srcset=\"https:\/\/carolynarts.com\/wp-content\/uploads\/2024\/02\/Photoroom_20240220_115533-2-567x800.jpeg 567w, https:\/\/carolynarts.com\/wp-content\/uploads\/2024\/02\/Photoroom_20240220_115533-2-150x212.jpeg 150w, https:\/\/carolynarts.com\/wp-content\/uploads\/2024\/02\/Photoroom_20240220_115533-2-700x988.jpeg 700w, https:\/\/carolynarts.com\/wp-content\/uploads\/2024\/02\/Photoroom_20240220_115533-2-212x300.jpeg 212w, https:\/\/carolynarts.com\/wp-content\/uploads\/2024\/02\/Photoroom_20240220_115533-2-768x1084.jpeg 768w, https:\/\/carolynarts.com\/wp-content\/uploads\/2024\/02\/Photoroom_20240220_115533-2-1088x1536.jpeg 1088w, https:\/\/carolynarts.com\/wp-content\/uploads\/2024\/02\/Photoroom_20240220_115533-2-1451x2048.jpeg 1451w, https:\/\/carolynarts.com\/wp-content\/uploads\/2024\/02\/Photoroom_20240220_115533-2-8x12.jpeg 8w, https:\/\/carolynarts.com\/wp-content\/uploads\/2024\/02\/Photoroom_20240220_115533-2.jpeg 1612w\" sizes=\"(max-width: 567px) 100vw, 567px\" \/>\t\t\t<\/div>\n\t\t<\/div>\n\t\t<div class=\"wd-cat-content wd-fill\">\n\t\t\t<a class=\"wd-fill\" href=\"https:\/\/carolynarts.com\/en\/product-category\/fuzetek\/\" aria-label=\"Product category fuzetek\"><\/a>\n\t\t\t<div class=\"wd-cat-header\">\n\t\t\t\t<h3 class=\"wd-entities-title\">\n\t\t\t\t\t<a href=\"https:\/\/carolynarts.com\/en\/product-category\/fuzetek\/\">\n\t\t\t\t\t\tNotebooks\t\t\t\t\t<\/a>\n\t\t\t\t<\/h3>\n\n\t\t\t\t\t\t\t<\/div>\n\t\t<\/div>\n\t<\/div>\n\n\t<\/div>\n\t\t\t\t\t\t\t\t\t\t\t\t\t\n<div class=\"wd-col wd-cat cat-design-zoom-out without-product-count wd-with-subcat product-category product last\" data-loop=\"8\">\n\t\n\t<div class=\"wd-cat-inner\">\n\t\t<div class=\"wd-cat-thumb\">\n\t\t\t\t\t\t<div class=\"wd-cat-image\">\n\t\t\t\t\n\t\t\t\t<img loading=\"lazy\" decoding=\"async\" width=\"800\" height=\"800\" src=\"https:\/\/carolynarts.com\/wp-content\/uploads\/2023\/05\/kapeslap-9a-800x800.jpg\" class=\"attachment-large size-large\" alt=\"\" srcset=\"https:\/\/carolynarts.com\/wp-content\/uploads\/2023\/05\/kapeslap-9a-800x800.jpg 800w, https:\/\/carolynarts.com\/wp-content\/uploads\/2023\/05\/kapeslap-9a-430x430.jpg 430w, https:\/\/carolynarts.com\/wp-content\/uploads\/2023\/05\/kapeslap-9a-150x150.jpg 150w, https:\/\/carolynarts.com\/wp-content\/uploads\/2023\/05\/kapeslap-9a-700x700.jpg 700w, https:\/\/carolynarts.com\/wp-content\/uploads\/2023\/05\/kapeslap-9a-300x300.jpg 300w, https:\/\/carolynarts.com\/wp-content\/uploads\/2023\/05\/kapeslap-9a-768x768.jpg 768w, https:\/\/carolynarts.com\/wp-content\/uploads\/2023\/05\/kapeslap-9a-1536x1536.jpg 1536w, https:\/\/carolynarts.com\/wp-content\/uploads\/2023\/05\/kapeslap-9a-12x12.jpg 12w, https:\/\/carolynarts.com\/wp-content\/uploads\/2023\/05\/kapeslap-9a.jpg 2000w\" sizes=\"(max-width: 800px) 100vw, 800px\" \/>\t\t\t<\/div>\n\t\t<\/div>\n\t\t<div class=\"wd-cat-content wd-fill\">\n\t\t\t<a class=\"wd-fill\" href=\"https:\/\/carolynarts.com\/en\/product-category\/kepeslap\/\" aria-label=\"Product category kepeslap\"><\/a>\n\t\t\t<div class=\"wd-cat-header\">\n\t\t\t\t<h3 class=\"wd-entities-title\">\n\t\t\t\t\t<a href=\"https:\/\/carolynarts.com\/en\/product-category\/kepeslap\/\">\n\t\t\t\t\t\tK\u00e9peslap\t\t\t\t\t<\/a>\n\t\t\t\t<\/h3>\n\n\t\t\t\t\t\t\t<\/div>\n\t\t<\/div>\n\t<\/div>\n\n\t<\/div>\n\t\t\t\t\t\t\t\t\t\t\t\t\t\n<div class=\"wd-col wd-cat cat-design-zoom-out without-product-count wd-with-subcat product-category product first\" data-loop=\"9\">\n\t\n\t<div class=\"wd-cat-inner\">\n\t\t<div class=\"wd-cat-thumb\">\n\t\t\t\t\t\t<div class=\"wd-cat-image\">\n\t\t\t\t\n\t\t\t\t<img loading=\"lazy\" decoding=\"async\" width=\"800\" height=\"800\" src=\"https:\/\/carolynarts.com\/wp-content\/uploads\/2022\/12\/IMG_4549-800x800.jpg\" class=\"attachment-large size-large\" alt=\"\" srcset=\"https:\/\/carolynarts.com\/wp-content\/uploads\/2022\/12\/IMG_4549-800x800.jpg 800w, https:\/\/carolynarts.com\/wp-content\/uploads\/2022\/12\/IMG_4549-430x430.jpg 430w, https:\/\/carolynarts.com\/wp-content\/uploads\/2022\/12\/IMG_4549-150x150.jpg 150w, https:\/\/carolynarts.com\/wp-content\/uploads\/2022\/12\/IMG_4549-700x700.jpg 700w, https:\/\/carolynarts.com\/wp-content\/uploads\/2022\/12\/IMG_4549-300x300.jpg 300w, https:\/\/carolynarts.com\/wp-content\/uploads\/2022\/12\/IMG_4549-768x768.jpg 768w, https:\/\/carolynarts.com\/wp-content\/uploads\/2022\/12\/IMG_4549-1536x1536.jpg 1536w, https:\/\/carolynarts.com\/wp-content\/uploads\/2022\/12\/IMG_4549-12x12.jpg 12w, https:\/\/carolynarts.com\/wp-content\/uploads\/2022\/12\/IMG_4549.jpg 2000w\" sizes=\"(max-width: 800px) 100vw, 800px\" \/>\t\t\t<\/div>\n\t\t<\/div>\n\t\t<div class=\"wd-cat-content wd-fill\">\n\t\t\t<a class=\"wd-fill\" href=\"https:\/\/carolynarts.com\/en\/product-category\/kiegeszito\/\" aria-label=\"Product category kiegeszito\"><\/a>\n\t\t\t<div class=\"wd-cat-header\">\n\t\t\t\t<h3 class=\"wd-entities-title\">\n\t\t\t\t\t<a href=\"https:\/\/carolynarts.com\/en\/product-category\/kiegeszito\/\">\n\t\t\t\t\t\tKieg\u00e9sz\u00edt\u0151\t\t\t\t\t<\/a>\n\t\t\t\t<\/h3>\n\n\t\t\t\t\t\t\t<\/div>\n\t\t<\/div>\n\t<\/div>\n\n\t<\/div>\n\t\t\t\t\t\t\t\t\t\t\t\t\t\n<div class=\"wd-col wd-cat cat-design-zoom-out without-product-count wd-with-subcat product-category product\" data-loop=\"10\">\n\t\n\t<div class=\"wd-cat-inner\">\n\t\t<div class=\"wd-cat-thumb\">\n\t\t\t\t\t\t<div class=\"wd-cat-image\">\n\t\t\t\t\n\t\t\t\t<img loading=\"lazy\" decoding=\"async\" width=\"800\" height=\"800\" src=\"https:\/\/carolynarts.com\/wp-content\/uploads\/2022\/12\/neszeszer-6-800x800.jpeg\" class=\"attachment-large size-large\" alt=\"\" srcset=\"https:\/\/carolynarts.com\/wp-content\/uploads\/2022\/12\/neszeszer-6-800x800.jpeg 800w, https:\/\/carolynarts.com\/wp-content\/uploads\/2022\/12\/neszeszer-6-430x430.jpeg 430w, https:\/\/carolynarts.com\/wp-content\/uploads\/2022\/12\/neszeszer-6-150x150.jpeg 150w, https:\/\/carolynarts.com\/wp-content\/uploads\/2022\/12\/neszeszer-6-700x700.jpeg 700w, https:\/\/carolynarts.com\/wp-content\/uploads\/2022\/12\/neszeszer-6-300x300.jpeg 300w, https:\/\/carolynarts.com\/wp-content\/uploads\/2022\/12\/neszeszer-6-768x768.jpeg 768w, https:\/\/carolynarts.com\/wp-content\/uploads\/2022\/12\/neszeszer-6-1536x1536.jpeg 1536w, https:\/\/carolynarts.com\/wp-content\/uploads\/2022\/12\/neszeszer-6-12x12.jpeg 12w, https:\/\/carolynarts.com\/wp-content\/uploads\/2022\/12\/neszeszer-6.jpeg 2000w\" sizes=\"(max-width: 800px) 100vw, 800px\" \/>\t\t\t<\/div>\n\t\t<\/div>\n\t\t<div class=\"wd-cat-content wd-fill\">\n\t\t\t<a class=\"wd-fill\" href=\"https:\/\/carolynarts.com\/en\/product-category\/neszeszer\/\" aria-label=\"Product category neszeszer\"><\/a>\n\t\t\t<div class=\"wd-cat-header\">\n\t\t\t\t<h3 class=\"wd-entities-title\">\n\t\t\t\t\t<a href=\"https:\/\/carolynarts.com\/en\/product-category\/neszeszer\/\">\n\t\t\t\t\t\tNeszeszer\t\t\t\t\t<\/a>\n\t\t\t\t<\/h3>\n\n\t\t\t\t\t\t\t<\/div>\n\t\t<\/div>\n\t<\/div>\n\n\t<\/div>\n\t\t\t\t\t\t\t\t\t\t\t\t\t\n<div class=\"wd-col wd-cat cat-design-zoom-out without-product-count wd-with-subcat product-category product\" data-loop=\"11\">\n\t\n\t<div class=\"wd-cat-inner\">\n\t\t<div class=\"wd-cat-thumb\">\n\t\t\t\t\t\t<div class=\"wd-cat-image\">\n\t\t\t\t\n\t\t\t\t<img loading=\"lazy\" decoding=\"async\" width=\"800\" height=\"800\" src=\"https:\/\/carolynarts.com\/wp-content\/uploads\/2023\/05\/nyakkendc-3-800x800.jpg\" class=\"attachment-large size-large\" alt=\"\" srcset=\"https:\/\/carolynarts.com\/wp-content\/uploads\/2023\/05\/nyakkendc-3-800x800.jpg 800w, https:\/\/carolynarts.com\/wp-content\/uploads\/2023\/05\/nyakkendc-3-430x430.jpg 430w, https:\/\/carolynarts.com\/wp-content\/uploads\/2023\/05\/nyakkendc-3-150x150.jpg 150w, https:\/\/carolynarts.com\/wp-content\/uploads\/2023\/05\/nyakkendc-3-700x700.jpg 700w, https:\/\/carolynarts.com\/wp-content\/uploads\/2023\/05\/nyakkendc-3-300x300.jpg 300w, https:\/\/carolynarts.com\/wp-content\/uploads\/2023\/05\/nyakkendc-3-768x768.jpg 768w, https:\/\/carolynarts.com\/wp-content\/uploads\/2023\/05\/nyakkendc-3-1536x1536.jpg 1536w, https:\/\/carolynarts.com\/wp-content\/uploads\/2023\/05\/nyakkendc-3-12x12.jpg 12w, https:\/\/carolynarts.com\/wp-content\/uploads\/2023\/05\/nyakkendc-3.jpg 2000w\" sizes=\"(max-width: 800px) 100vw, 800px\" \/>\t\t\t<\/div>\n\t\t<\/div>\n\t\t<div class=\"wd-cat-content wd-fill\">\n\t\t\t<a class=\"wd-fill\" href=\"https:\/\/carolynarts.com\/en\/product-category\/nyakkendo\/\" aria-label=\"Product category nyakkendo\"><\/a>\n\t\t\t<div class=\"wd-cat-header\">\n\t\t\t\t<h3 class=\"wd-entities-title\">\n\t\t\t\t\t<a href=\"https:\/\/carolynarts.com\/en\/product-category\/nyakkendo\/\">\n\t\t\t\t\t\tNyakkend\u0151\t\t\t\t\t<\/a>\n\t\t\t\t<\/h3>\n\n\t\t\t\t\t\t\t<\/div>\n\t\t<\/div>\n\t<\/div>\n\n\t<\/div>\n\t\t\t\t\t\t\t\t\t\t\t\t\t\n<div class=\"wd-col wd-cat cat-design-zoom-out without-product-count wd-with-subcat product-category product last\" data-loop=\"12\">\n\t\n\t<div class=\"wd-cat-inner\">\n\t\t<div class=\"wd-cat-thumb\">\n\t\t\t\t\t\t<div class=\"wd-cat-image\">\n\t\t\t\t\n\t\t\t\t<img loading=\"lazy\" decoding=\"async\" width=\"1300\" height=\"795\" src=\"https:\/\/carolynarts.com\/wp-content\/uploads\/2025\/07\/IMG_4668-1300x795.jpg\" class=\"attachment-large size-large\" alt=\"\" srcset=\"https:\/\/carolynarts.com\/wp-content\/uploads\/2025\/07\/IMG_4668-1300x795.jpg 1300w, https:\/\/carolynarts.com\/wp-content\/uploads\/2025\/07\/IMG_4668-400x244.jpg 400w, https:\/\/carolynarts.com\/wp-content\/uploads\/2025\/07\/IMG_4668-768x469.jpg 768w, https:\/\/carolynarts.com\/wp-content\/uploads\/2025\/07\/IMG_4668-1536x939.jpg 1536w, https:\/\/carolynarts.com\/wp-content\/uploads\/2025\/07\/IMG_4668-2048x1252.jpg 2048w, https:\/\/carolynarts.com\/wp-content\/uploads\/2025\/07\/IMG_4668-18x12.jpg 18w, https:\/\/carolynarts.com\/wp-content\/uploads\/2025\/07\/IMG_4668-700x428.jpg 700w, https:\/\/carolynarts.com\/wp-content\/uploads\/2025\/07\/IMG_4668-150x92.jpg 150w\" sizes=\"(max-width: 1300px) 100vw, 1300px\" \/>\t\t\t<\/div>\n\t\t<\/div>\n\t\t<div class=\"wd-cat-content wd-fill\">\n\t\t\t<a class=\"wd-fill\" href=\"https:\/\/carolynarts.com\/en\/product-category\/strandkendok\/\" aria-label=\"Product category strandkendok\"><\/a>\n\t\t\t<div class=\"wd-cat-header\">\n\t\t\t\t<h3 class=\"wd-entities-title\">\n\t\t\t\t\t<a href=\"https:\/\/carolynarts.com\/en\/product-category\/strandkendok\/\">\n\t\t\t\t\t\tBeach Scarves\t\t\t\t\t<\/a>\n\t\t\t\t<\/h3>\n\n\t\t\t\t\t\t\t<\/div>\n\t\t<\/div>\n\t<\/div>\n\n\t<\/div>\n\t\t\t\t\t\t\t\t\t\t\t<\/div>\n\t\t\t\t<\/div>\n\t\t\t\t\t\t\t\t\t\t\t<\/div>\n\t\t\t\t<\/div>\n\t\t\t\t\t<\/div>\n\t\t<\/div>\n\t\t\t\t\t<\/div>\n\t\t<\/section>\n\t\t\t\t<\/div>","protected":false},"excerpt":{"rendered":"<p>CAROLYNARTS KOLLEKCI\u00d3 TERM\u00c9KEINK V\u00e1lasszon term\u00e9keink k\u00f6z\u00fcl \u00e9s vegye meg online. 100% Selyemkend\u0151 CarolynArt H\u0171t\u0151m\u00e1gnes CarolynArt Kimon\u00f3, CarolynArt ruha D\u00edszdoboz D\u00edszp\u00e1rna<\/p>","protected":false},"author":1,"featured_media":0,"parent":0,"menu_order":0,"comment_status":"closed","ping_status":"closed","template":"elementor_header_footer","meta":{"_themeisle_gutenberg_block_has_review":false,"footnotes":""},"class_list":["post-29202","page","type-page","status-publish","hentry"],"_links":{"self":[{"href":"https:\/\/carolynarts.com\/en\/wp-json\/wp\/v2\/pages\/29202","targetHints":{"allow":["GET"]}}],"collection":[{"href":"https:\/\/carolynarts.com\/en\/wp-json\/wp\/v2\/pages"}],"about":[{"href":"https:\/\/carolynarts.com\/en\/wp-json\/wp\/v2\/types\/page"}],"author":[{"embeddable":true,"href":"https:\/\/carolynarts.com\/en\/wp-json\/wp\/v2\/users\/1"}],"replies":[{"embeddable":true,"href":"https:\/\/carolynarts.com\/en\/wp-json\/wp\/v2\/comments?post=29202"}],"version-history":[{"count":3,"href":"https:\/\/carolynarts.com\/en\/wp-json\/wp\/v2\/pages\/29202\/revisions"}],"predecessor-version":[{"id":30050,"href":"https:\/\/carolynarts.com\/en\/wp-json\/wp\/v2\/pages\/29202\/revisions\/30050"}],"wp:attachment":[{"href":"https:\/\/carolynarts.com\/en\/wp-json\/wp\/v2\/media?parent=29202"}],"curies":[{"name":"wp","href":"https:\/\/api.w.org\/{rel}","templated":true}]}}