{"id":29190,"date":"2025-07-24T14:13:02","date_gmt":"2025-07-24T14:13:02","guid":{"rendered":"https:\/\/carolynarts.com\/?page_id=29190"},"modified":"2025-07-31T07:04:29","modified_gmt":"2025-07-31T07:04:29","slug":"rolam-2","status":"publish","type":"page","link":"https:\/\/carolynarts.com\/en\/rolam-2\/","title":{"rendered":"About me"},"content":{"rendered":"<div data-elementor-type=\"wp-page\" data-elementor-id=\"29190\" class=\"elementor elementor-29190\">\n\t\t\t\t\t\t<section class=\"wd-negative-gap elementor-section elementor-top-section elementor-element elementor-element-18b95e96 elementor-section-content-middle wd-section-stretch elementor-section-boxed elementor-section-height-default elementor-section-height-default\" data-id=\"18b95e96\" data-element_type=\"section\" data-settings=\"{&quot;background_background&quot;:&quot;classic&quot;}\">\n\t\t\t\t\t\t<div class=\"elementor-container elementor-column-gap-extended\">\n\t\t\t\t\t<div class=\"elementor-column elementor-col-50 elementor-top-column elementor-element elementor-element-4f4ed20\" data-id=\"4f4ed20\" data-element_type=\"column\">\n\t\t\t<div class=\"elementor-widget-wrap elementor-element-populated\">\n\t\t\t\t\t\t<div class=\"elementor-element elementor-element-514af615 wd-width-100 elementor-widget elementor-widget-wd_title\" data-id=\"514af615\" data-element_type=\"widget\" data-widget_type=\"wd_title.default\">\n\t\t\t\t<div class=\"elementor-widget-container\">\n\t\t\t\t\t\t\t<div class=\"title-wrapper wd-set-mb reset-last-child wd-title-color-default wd-title-style-default wd-title-size-default text-left\">\n\n\t\t\t\n\t\t\t<div class=\"liner-continer\">\n\t\t\t\t<h4 class=\"woodmart-title-container title wd-fontsize-l\">S\u00e1volt Karolina<\/h4> \n\t\t\t\t\t\t\t<\/div>\n\n\t\t\t\t\t<\/div>\n\t\t\t\t\t\t<\/div>\n\t\t\t\t<\/div>\n\t\t\t\t\t<\/div>\n\t\t<\/div>\n\t\t\t\t<div class=\"elementor-column elementor-col-50 elementor-top-column elementor-element elementor-element-5127cb63\" data-id=\"5127cb63\" data-element_type=\"column\">\n\t\t\t<div class=\"elementor-widget-wrap elementor-element-populated\">\n\t\t\t\t\t\t<div class=\"elementor-element elementor-element-7a616a5b elementor-widget elementor-widget-image\" data-id=\"7a616a5b\" data-element_type=\"widget\" data-widget_type=\"image.default\">\n\t\t\t\t<div class=\"elementor-widget-container\">\n\t\t\t\t\t\t\t\t\t\t\t\t\t\t\t<img fetchpriority=\"high\" decoding=\"async\" width=\"800\" height=\"533\" src=\"https:\/\/carolynarts.com\/wp-content\/themes\/woodmart\/images\/lazy.svg\" data-src=\"https:\/\/carolynarts.com\/wp-content\/uploads\/2022\/12\/Savolt-Karolina.jpg\" class=\"attachment-full size-full wp-image-861\" alt=\"\" srcset=\"\" data-srcset=\"https:\/\/carolynarts.com\/wp-content\/uploads\/2022\/12\/Savolt-Karolina.jpg 800w, https:\/\/carolynarts.com\/wp-content\/uploads\/2022\/12\/Savolt-Karolina-150x100.jpg 150w, https:\/\/carolynarts.com\/wp-content\/uploads\/2022\/12\/Savolt-Karolina-700x466.jpg 700w\" sizes=\"(max-width: 800px) 100vw, 800px\" \/>\t\t\t\t\t\t\t\t\t\t\t\t\t\t\t<\/div>\n\t\t\t\t<\/div>\n\t\t\t\t\t<\/div>\n\t\t<\/div>\n\t\t\t\t\t<\/div>\n\t\t<\/section>\n\t\t\t\t<section class=\"wd-negative-gap elementor-section elementor-top-section elementor-element elementor-element-7f697ed6 elementor-section-boxed elementor-section-height-default elementor-section-height-default\" data-id=\"7f697ed6\" data-element_type=\"section\">\n\t\t\t\t\t\t<div class=\"elementor-container elementor-column-gap-default\">\n\t\t\t\t\t<div class=\"elementor-column elementor-col-50 elementor-top-column elementor-element elementor-element-1608b58c\" data-id=\"1608b58c\" data-element_type=\"column\">\n\t\t\t<div class=\"elementor-widget-wrap elementor-element-populated\">\n\t\t\t\t\t\t<div class=\"elementor-element elementor-element-38f022c elementor-widget elementor-widget-wd_image_or_svg\" data-id=\"38f022c\" data-element_type=\"widget\" data-widget_type=\"wd_image_or_svg.default\">\n\t\t\t\t<div class=\"elementor-widget-container\">\n\t\t\t\t\t\n\t\t<div class=\"wd-image text-left\">\n\t\t\t\t\t\t\t\t<img decoding=\"async\" width=\"1200\" height=\"1612\" src=\"https:\/\/carolynarts.com\/wp-content\/uploads\/2025\/07\/IMG_2323.jpg\" class=\"attachment-full size-full\" alt=\"\" srcset=\"https:\/\/carolynarts.com\/wp-content\/uploads\/2025\/07\/IMG_2323.jpg 1200w, https:\/\/carolynarts.com\/wp-content\/uploads\/2025\/07\/IMG_2323-223x300.jpg 223w, https:\/\/carolynarts.com\/wp-content\/uploads\/2025\/07\/IMG_2323-596x800.jpg 596w, https:\/\/carolynarts.com\/wp-content\/uploads\/2025\/07\/IMG_2323-768x1032.jpg 768w, https:\/\/carolynarts.com\/wp-content\/uploads\/2025\/07\/IMG_2323-1143x1536.jpg 1143w, https:\/\/carolynarts.com\/wp-content\/uploads\/2025\/07\/IMG_2323-9x12.jpg 9w, https:\/\/carolynarts.com\/wp-content\/uploads\/2025\/07\/IMG_2323-700x940.jpg 700w, https:\/\/carolynarts.com\/wp-content\/uploads\/2025\/07\/IMG_2323-150x202.jpg 150w\" sizes=\"(max-width: 1200px) 100vw, 1200px\" \/>\t\t\t\t\t<\/div>\n\n\t\t\t\t\t\t<\/div>\n\t\t\t\t<\/div>\n\t\t\t\t\t<\/div>\n\t\t<\/div>\n\t\t\t\t<div class=\"elementor-column elementor-col-50 elementor-top-column elementor-element elementor-element-44baa6e\" data-id=\"44baa6e\" data-element_type=\"column\">\n\t\t\t<div class=\"elementor-widget-wrap elementor-element-populated\">\n\t\t\t\t\t\t<div class=\"elementor-element elementor-element-3bc76d1d elementor-widget elementor-widget-wd_text_block\" data-id=\"3bc76d1d\" data-element_type=\"widget\" data-widget_type=\"wd_text_block.default\">\n\t\t\t\t<div class=\"elementor-widget-container\">\n\t\t\t\t\t\t\t<div class=\"wd-text-block reset-last-child text-left\">\n\t\t\t\n\t\t\t<h3>About Me<\/h3><p>She started painting the age of 9, completely independently, from the Internet, online mastered the basics of her knowledge.<\/p><p>She held her first solo chamber exhibition at the age of 11, and her paintings have been successfully featured in numerous auction exhibitions. Later that same year, she also participated in an immersive exhibition in Dubai. Karolina is an excellent student, fluent in English and Spanish, and she practices sports every day. She is a national champion in her age group in tennis.<\/p><p>Carolina\u2019s painting and stylistic direction are decisive, since her independent style features - even at such a young age - are immediately recognizable in the works with which her attracts attention in our rushing world, to our present beauties, to the continuous flow and movement of energy.<\/p><p>On her oil paintings and her art, as a new generation of the XXI century, it combines the Renaissance trend, the XVI-XVII century Baroque style with abstract and avant-garde style, the 19th century she is defining romanticism, with the realist trend.<\/p><p>Karolina\u2019s goals include raising awareness through her paintings about nature conservation, sustainability, environmental protection, and animal welfare. She also aims to use her art to help underprivileged children and to ensure that everyone has the opportunity to learn fine arts.<\/p>\n\t\t\t\t\t<\/div>\n\t\t\t\t\t\t<\/div>\n\t\t\t\t<\/div>\n\t\t\t\t<div class=\"elementor-element elementor-element-c5be946 elementor-widget elementor-widget-wd_button\" data-id=\"c5be946\" data-element_type=\"widget\" data-widget_type=\"wd_button.default\">\n\t\t\t\t<div class=\"elementor-widget-container\">\n\t\t\t\t\t\t\t<div class=\"wd-button-wrapper text-center\" >\n\t\t\t<a class=\"btn btn-style-default btn-shape-rectangle btn-size-extra-large btn-color-black btn-icon-pos-right\"  href=\"https:\/\/carolynarts.com\/en\/termekek-2\/\">\n\t\t\t\t<span class=\"wd-btn-text\" data-elementor-setting-key=\"text\">\n\t\t\t\t\tProducts\t\t\t\t<\/span>\n\n\t\t\t\t\t\t\t<\/a>\n\t\t<\/div>\n\t\t\t\t\t\t<\/div>\n\t\t\t\t<\/div>\n\t\t\t\t\t<\/div>\n\t\t<\/div>\n\t\t\t\t\t<\/div>\n\t\t<\/section>\n\t\t<div class=\"wd-negative-gap elementor-element elementor-element-b3052cf e-flex e-con-boxed e-con e-parent\" data-id=\"b3052cf\" data-element_type=\"container\">\n\t\t\t\t\t<div class=\"e-con-inner\">\n\t\t\t\t<div class=\"elementor-element elementor-element-d66b1c4 elementor-widget elementor-widget-spacer\" data-id=\"d66b1c4\" data-element_type=\"widget\" data-widget_type=\"spacer.default\">\n\t\t\t\t<div class=\"elementor-widget-container\">\n\t\t\t\t\t\t\t<div class=\"elementor-spacer\">\n\t\t\t<div class=\"elementor-spacer-inner\"><\/div>\n\t\t<\/div>\n\t\t\t\t\t\t<\/div>\n\t\t\t\t<\/div>\n\t\t\t\t\t<\/div>\n\t\t\t\t<\/div>\n\t\t\t\t<section class=\"wd-negative-gap elementor-section elementor-top-section elementor-element elementor-element-6d6906b8 elementor-section-content-top elementor-section-boxed elementor-section-height-default elementor-section-height-default\" data-id=\"6d6906b8\" data-element_type=\"section\">\n\t\t\t\t\t\t<div class=\"elementor-container elementor-column-gap-default\">\n\t\t\t\t\t<div class=\"elementor-column elementor-col-50 elementor-top-column elementor-element elementor-element-95e3f8a\" data-id=\"95e3f8a\" data-element_type=\"column\">\n\t\t\t<div class=\"elementor-widget-wrap elementor-element-populated\">\n\t\t\t\t\t\t<div class=\"elementor-element elementor-element-bdf391e wd-width-100 elementor-widget elementor-widget-wd_title\" data-id=\"bdf391e\" data-element_type=\"widget\" data-widget_type=\"wd_title.default\">\n\t\t\t\t<div class=\"elementor-widget-container\">\n\t\t\t\t\t\t\t<div class=\"title-wrapper wd-set-mb reset-last-child wd-title-color-default wd-title-style-default wd-title-size-extra-large text-center\">\n\n\t\t\t\n\t\t\t<div class=\"liner-continer\">\n\t\t\t\t<h4 class=\"woodmart-title-container title wd-fontsize-xxxl\">BEHIND THE ART<\/h4> \n\t\t\t\t\t\t\t<\/div>\n\n\t\t\t\t\t<\/div>\n\t\t\t\t\t\t<\/div>\n\t\t\t\t<\/div>\n\t\t\t\t<div class=\"elementor-element elementor-element-e112ff9 elementor-hidden-tablet elementor-hidden-mobile elementor-widget elementor-widget-wd_text_block\" data-id=\"e112ff9\" data-element_type=\"widget\" data-widget_type=\"wd_text_block.default\">\n\t\t\t\t<div class=\"elementor-widget-container\">\n\t\t\t\t\t\t\t<div class=\"wd-text-block reset-last-child text-center\">\n\t\t\t\n\t\t\t<p>KAROLINA S\u00c1VOLT &amp; CAROLYNARTS<\/p>\n\t\t\t\t\t<\/div>\n\t\t\t\t\t\t<\/div>\n\t\t\t\t<\/div>\n\t\t\t\t<div class=\"elementor-element elementor-element-d60b5f1 color-scheme-inherit text-left elementor-widget elementor-widget-text-editor\" data-id=\"d60b5f1\" data-element_type=\"widget\" data-widget_type=\"text-editor.default\">\n\t\t\t\t<div class=\"elementor-widget-container\">\n\t\t\t\t\t\t\t\t\t<p>Karolina S\u00e1volt was born in 2010, she is one of the youngest creative artists of our time.<\/p><p>At the age of 11, she held her first solo chamber exhibition, and her paintings have been featured in numerous auctions and exhibitions with great success. Her work has been showcased both nationally and internationally\u2014in addition to Budapest, the public has had the opportunity to experience Karolina's art in cities such as Dubai, Nice, Prague, Barcelona, Ankara, New York, and Paris.<\/p><p>Karolina is an excellent student, speaks excellent English and Spanish, plays sports every day, and she is a national age-group champion in tennis.<\/p><h2>Awards:<\/h2><p><strong>2022. Highligts of Hungary \u2013 M\u0171v\u00e9szeti kateg\u00f3ria nyertese;<\/strong><br \/><strong>2023. Az \u00e9v Leginspir\u00e1l\u00f3bb N\u0151i \u2013 Fiatal Tehets\u00e9g kateg\u00f3ria gy\u0151ztese;<\/strong><br \/><strong>2023., 2024. \u00e9v Magyarorsz\u00e1g J\u00f3 Tanul\u00f3ja \u2013 J\u00f3 Sportol\u00f3ja kit\u00fcntetettje;<\/strong><br \/><strong>2023-2024. Elnyerte a p\u00e1rizsi Salon d\u2019Autumne Ifj\u00fas\u00e1gi \u00d6szt\u00f6nd\u00edj\u00e1t;<\/strong><br \/><strong>2024 Top Selection \u2013 New York nemzetk\u00f6zi ki\u00e1ll\u00edt\u00e1s d\u00edjazottja;<br \/>2025. \u00e9v fiatal Tudatos N\u0151k nyertese;<\/strong><\/p><p>Karolina wishes to support underprivileged children with her art, so that everyone has the opportunity to learn fine arts, thereby offering them, their family members and their environment an even happier future.<\/p><p>Karolina is an active participant in several charity events and founded the Foundation for the Nation\u2019s Young Artists, which, through its efforts, helps hundreds of young people each year to pursue studies in fine arts.<\/p><p>Many of her works, donated through her contributions, can be found on the walls of hospitals and healthcare institutions\u2014such as pediatric wards and oncology departments\u2014helping to support patients' faster recovery. She also actively supports the \"J\u00f3nak Lenni J\u00f3\" (Being Good is Good) program.<\/p>\t\t\t\t\t\t\t\t<\/div>\n\t\t\t\t<\/div>\n\t\t\t\t<div class=\"elementor-element elementor-element-61a982a elementor-widget elementor-widget-wd_text_block\" data-id=\"61a982a\" data-element_type=\"widget\" data-widget_type=\"wd_text_block.default\">\n\t\t\t\t<div class=\"elementor-widget-container\">\n\t\t\t\t\t\t\t<div class=\"wd-text-block reset-last-child text-center\">\n\t\t\t\n\t\t\t<h5><em>The entire text and graphic content of carolynarts.com, including current and past products, articles, videos, paintings, graphics, details of paintings, are protected by copyright law in accordance with Act LXXVI of 1999. Any infringement of this law will result in criminal liability.<\/em><\/h5>\n\t\t\t\t\t<\/div>\n\t\t\t\t\t\t<\/div>\n\t\t\t\t<\/div>\n\t\t\t\t\t<\/div>\n\t\t<\/div>\n\t\t\t\t<div class=\"elementor-column elementor-col-50 elementor-top-column elementor-element elementor-element-6cc3b362\" data-id=\"6cc3b362\" data-element_type=\"column\">\n\t\t\t<div class=\"elementor-widget-wrap elementor-element-populated\">\n\t\t\t\t\t\t<div class=\"elementor-element elementor-element-57e93f88 wd-width-100 elementor-widget elementor-widget-wd_images_gallery\" data-id=\"57e93f88\" data-element_type=\"widget\" data-widget_type=\"wd_images_gallery.default\">\n\t\t\t\t<div class=\"elementor-widget-container\">\n\t\t\t\t\t\t\t<div class=\"wd-images-gallery\" style=\"--wd-align-items:center; --wd-justify-content:center;\">\n\t\t\t\t\t\t<div class=\"wd-masonry wd-grid-f-col\" style=\"--wd-col-lg:2;--wd-col-md:2;--wd-col-sm:1;--wd-gap-lg:6px;\" >\n\t\t\t\t\t\t\t\t\t\t\t\t\t\t\t\t\t\t<div class=\"wd-gallery-item wd-col\">\n\t\t\t\t\t\t\n\t\t\t\t\t\t<img decoding=\"async\" width=\"1200\" height=\"1699\" src=\"https:\/\/carolynarts.com\/wp-content\/uploads\/2025\/07\/PhotoRoom_20231223_222340.jpg\" class=\"attachment-full size-full\" alt=\"PhotoRoom_20231223_222340\" srcset=\"https:\/\/carolynarts.com\/wp-content\/uploads\/2025\/07\/PhotoRoom_20231223_222340.jpg 1200w, https:\/\/carolynarts.com\/wp-content\/uploads\/2025\/07\/PhotoRoom_20231223_222340-212x300.jpg 212w, https:\/\/carolynarts.com\/wp-content\/uploads\/2025\/07\/PhotoRoom_20231223_222340-565x800.jpg 565w, https:\/\/carolynarts.com\/wp-content\/uploads\/2025\/07\/PhotoRoom_20231223_222340-768x1087.jpg 768w, https:\/\/carolynarts.com\/wp-content\/uploads\/2025\/07\/PhotoRoom_20231223_222340-1085x1536.jpg 1085w, https:\/\/carolynarts.com\/wp-content\/uploads\/2025\/07\/PhotoRoom_20231223_222340-8x12.jpg 8w, https:\/\/carolynarts.com\/wp-content\/uploads\/2025\/07\/PhotoRoom_20231223_222340-700x991.jpg 700w, https:\/\/carolynarts.com\/wp-content\/uploads\/2025\/07\/PhotoRoom_20231223_222340-150x212.jpg 150w\" sizes=\"(max-width: 1200px) 100vw, 1200px\" \/>\n\t\t\t\t\t\t\t\t\t\t\t<\/div>\n\t\t\t\t\t\t\t\t\t\t\t\t\t\t\t<div class=\"wd-gallery-item wd-col\">\n\t\t\t\t\t\t\n\t\t\t\t\t\t<img loading=\"lazy\" decoding=\"async\" width=\"1200\" height=\"1031\" src=\"https:\/\/carolynarts.com\/wp-content\/uploads\/2025\/07\/IMG_8487.jpg\" class=\"attachment-full size-full\" alt=\"IMG_8487\" srcset=\"https:\/\/carolynarts.com\/wp-content\/uploads\/2025\/07\/IMG_8487.jpg 1200w, https:\/\/carolynarts.com\/wp-content\/uploads\/2025\/07\/IMG_8487-349x300.jpg 349w, https:\/\/carolynarts.com\/wp-content\/uploads\/2025\/07\/IMG_8487-931x800.jpg 931w, https:\/\/carolynarts.com\/wp-content\/uploads\/2025\/07\/IMG_8487-768x660.jpg 768w, https:\/\/carolynarts.com\/wp-content\/uploads\/2025\/07\/IMG_8487-14x12.jpg 14w, https:\/\/carolynarts.com\/wp-content\/uploads\/2025\/07\/IMG_8487-700x601.jpg 700w, https:\/\/carolynarts.com\/wp-content\/uploads\/2025\/07\/IMG_8487-150x129.jpg 150w\" sizes=\"(max-width: 1200px) 100vw, 1200px\" \/>\n\t\t\t\t\t\t\t\t\t\t\t<\/div>\n\t\t\t\t\t\t\t\t\t\t\t\t\t\t\t<div class=\"wd-gallery-item wd-col\">\n\t\t\t\t\t\t\n\t\t\t\t\t\t<img loading=\"lazy\" decoding=\"async\" width=\"1200\" height=\"1040\" src=\"https:\/\/carolynarts.com\/wp-content\/uploads\/2025\/07\/IMG_8465.jpg\" class=\"attachment-full size-full\" alt=\"IMG_8465\" srcset=\"https:\/\/carolynarts.com\/wp-content\/uploads\/2025\/07\/IMG_8465.jpg 1200w, https:\/\/carolynarts.com\/wp-content\/uploads\/2025\/07\/IMG_8465-346x300.jpg 346w, https:\/\/carolynarts.com\/wp-content\/uploads\/2025\/07\/IMG_8465-923x800.jpg 923w, https:\/\/carolynarts.com\/wp-content\/uploads\/2025\/07\/IMG_8465-768x666.jpg 768w, https:\/\/carolynarts.com\/wp-content\/uploads\/2025\/07\/IMG_8465-14x12.jpg 14w, https:\/\/carolynarts.com\/wp-content\/uploads\/2025\/07\/IMG_8465-700x607.jpg 700w, https:\/\/carolynarts.com\/wp-content\/uploads\/2025\/07\/IMG_8465-150x130.jpg 150w\" sizes=\"(max-width: 1200px) 100vw, 1200px\" \/>\n\t\t\t\t\t\t\t\t\t\t\t<\/div>\n\t\t\t\t\t\t\t\t\t\t\t\t\t\t\t<div class=\"wd-gallery-item wd-col\">\n\t\t\t\t\t\t\n\t\t\t\t\t\t<img loading=\"lazy\" decoding=\"async\" width=\"1584\" height=\"1315\" src=\"https:\/\/carolynarts.com\/wp-content\/uploads\/2025\/07\/IMG_3028.jpg\" class=\"attachment-full size-full\" alt=\"IMG_3028\" srcset=\"https:\/\/carolynarts.com\/wp-content\/uploads\/2025\/07\/IMG_3028.jpg 1584w, https:\/\/carolynarts.com\/wp-content\/uploads\/2025\/07\/IMG_3028-361x300.jpg 361w, https:\/\/carolynarts.com\/wp-content\/uploads\/2025\/07\/IMG_3028-964x800.jpg 964w, https:\/\/carolynarts.com\/wp-content\/uploads\/2025\/07\/IMG_3028-768x638.jpg 768w, https:\/\/carolynarts.com\/wp-content\/uploads\/2025\/07\/IMG_3028-1536x1275.jpg 1536w, https:\/\/carolynarts.com\/wp-content\/uploads\/2025\/07\/IMG_3028-14x12.jpg 14w, https:\/\/carolynarts.com\/wp-content\/uploads\/2025\/07\/IMG_3028-700x581.jpg 700w, https:\/\/carolynarts.com\/wp-content\/uploads\/2025\/07\/IMG_3028-150x125.jpg 150w\" sizes=\"(max-width: 1584px) 100vw, 1584px\" \/>\n\t\t\t\t\t\t\t\t\t\t\t<\/div>\n\t\t\t\t\t\t\t\t\t\t\t\t\t\t\t<div class=\"wd-gallery-item wd-col\">\n\t\t\t\t\t\t\n\t\t\t\t\t\t<img loading=\"lazy\" decoding=\"async\" width=\"1200\" height=\"1587\" src=\"https:\/\/carolynarts.com\/wp-content\/uploads\/2025\/07\/IMG_0408.jpg\" class=\"attachment-full size-full\" alt=\"IMG_0408\" srcset=\"https:\/\/carolynarts.com\/wp-content\/uploads\/2025\/07\/IMG_0408.jpg 1200w, https:\/\/carolynarts.com\/wp-content\/uploads\/2025\/07\/IMG_0408-227x300.jpg 227w, https:\/\/carolynarts.com\/wp-content\/uploads\/2025\/07\/IMG_0408-605x800.jpg 605w, https:\/\/carolynarts.com\/wp-content\/uploads\/2025\/07\/IMG_0408-768x1016.jpg 768w, https:\/\/carolynarts.com\/wp-content\/uploads\/2025\/07\/IMG_0408-1161x1536.jpg 1161w, https:\/\/carolynarts.com\/wp-content\/uploads\/2025\/07\/IMG_0408-9x12.jpg 9w, https:\/\/carolynarts.com\/wp-content\/uploads\/2025\/07\/IMG_0408-700x926.jpg 700w, https:\/\/carolynarts.com\/wp-content\/uploads\/2025\/07\/IMG_0408-150x198.jpg 150w\" sizes=\"(max-width: 1200px) 100vw, 1200px\" \/>\n\t\t\t\t\t\t\t\t\t\t\t<\/div>\n\t\t\t\t\t\t\t\t\t\t\t\t\t\t\t<div class=\"wd-gallery-item wd-col\">\n\t\t\t\t\t\t\n\t\t\t\t\t\t<img loading=\"lazy\" decoding=\"async\" width=\"1200\" height=\"1254\" src=\"https:\/\/carolynarts.com\/wp-content\/uploads\/2025\/07\/IMG_8485.jpg\" class=\"attachment-full size-full\" alt=\"IMG_8485\" srcset=\"https:\/\/carolynarts.com\/wp-content\/uploads\/2025\/07\/IMG_8485.jpg 1200w, https:\/\/carolynarts.com\/wp-content\/uploads\/2025\/07\/IMG_8485-287x300.jpg 287w, https:\/\/carolynarts.com\/wp-content\/uploads\/2025\/07\/IMG_8485-766x800.jpg 766w, https:\/\/carolynarts.com\/wp-content\/uploads\/2025\/07\/IMG_8485-768x803.jpg 768w, https:\/\/carolynarts.com\/wp-content\/uploads\/2025\/07\/IMG_8485-11x12.jpg 11w, https:\/\/carolynarts.com\/wp-content\/uploads\/2025\/07\/IMG_8485-700x732.jpg 700w, https:\/\/carolynarts.com\/wp-content\/uploads\/2025\/07\/IMG_8485-150x157.jpg 150w\" sizes=\"(max-width: 1200px) 100vw, 1200px\" \/>\n\t\t\t\t\t\t\t\t\t\t\t<\/div>\n\t\t\t\t\t\t\t\t\t\t\t\t\t<\/div>\n\t\t\t\t\t<\/div>\n\t\t\t\t\t\t<\/div>\n\t\t\t\t<\/div>\n\t\t\t\t\t<\/div>\n\t\t<\/div>\n\t\t\t\t\t<\/div>\n\t\t<\/section>\n\t\t\t\t<\/div>","protected":false},"excerpt":{"rendered":"<p>S\u00e1volt Karolina BEMUTATKOZ\u00c1S S\u00e1volt Karolina 2010-ben sz\u00fcletett, korunk egyik legfiatalabb alkot\u00f3 m\u0171v\u00e9sze. A fest\u00e9szettel 9 \u00e9ves kor\u00e1t\u00f3l kezdett el foglalkozni,<\/p>","protected":false},"author":1,"featured_media":0,"parent":0,"menu_order":0,"comment_status":"closed","ping_status":"closed","template":"elementor_header_footer","meta":{"_themeisle_gutenberg_block_has_review":false,"footnotes":""},"class_list":["post-29190","page","type-page","status-publish","hentry"],"_links":{"self":[{"href":"https:\/\/carolynarts.com\/en\/wp-json\/wp\/v2\/pages\/29190","targetHints":{"allow":["GET"]}}],"collection":[{"href":"https:\/\/carolynarts.com\/en\/wp-json\/wp\/v2\/pages"}],"about":[{"href":"https:\/\/carolynarts.com\/en\/wp-json\/wp\/v2\/types\/page"}],"author":[{"embeddable":true,"href":"https:\/\/carolynarts.com\/en\/wp-json\/wp\/v2\/users\/1"}],"replies":[{"embeddable":true,"href":"https:\/\/carolynarts.com\/en\/wp-json\/wp\/v2\/comments?post=29190"}],"version-history":[{"count":3,"href":"https:\/\/carolynarts.com\/en\/wp-json\/wp\/v2\/pages\/29190\/revisions"}],"predecessor-version":[{"id":29948,"href":"https:\/\/carolynarts.com\/en\/wp-json\/wp\/v2\/pages\/29190\/revisions\/29948"}],"wp:attachment":[{"href":"https:\/\/carolynarts.com\/en\/wp-json\/wp\/v2\/media?parent=29190"}],"curies":[{"name":"wp","href":"https:\/\/api.w.org\/{rel}","templated":true}]}}