{"id":29158,"date":"2025-07-24T12:55:02","date_gmt":"2025-07-24T12:55:02","guid":{"rendered":"https:\/\/carolynarts.com\/?page_id=29158"},"modified":"2025-07-30T13:13:20","modified_gmt":"2025-07-30T13:13:20","slug":"giclee","status":"publish","type":"page","link":"https:\/\/carolynarts.com\/en\/giclee\/","title":{"rendered":"Gicl\u00e9e"},"content":{"rendered":"\t\t<div data-elementor-type=\"wp-page\" data-elementor-id=\"29158\" class=\"elementor elementor-29158\">\n\t\t\t\t\t\t<section class=\"wd-negative-gap elementor-section elementor-top-section elementor-element elementor-element-28b7a1c8 wd-section-stretch elementor-section-content-middle elementor-section-boxed elementor-section-height-default elementor-section-height-default\" data-id=\"28b7a1c8\" data-element_type=\"section\" data-settings=\"{&quot;background_background&quot;:&quot;classic&quot;}\">\n\t\t\t\t\t\t\t<div class=\"elementor-background-overlay\"><\/div>\n\t\t\t\t\t\t\t<div class=\"elementor-container elementor-column-gap-no\">\n\t\t\t\t\t<div class=\"elementor-column elementor-col-50 elementor-top-column elementor-element elementor-element-5c864af8\" data-id=\"5c864af8\" data-element_type=\"column\" data-settings=\"{&quot;background_background&quot;:&quot;classic&quot;}\">\n\t\t\t<div class=\"elementor-widget-wrap elementor-element-populated\">\n\t\t\t\t\t\t<section class=\"wd-negative-gap elementor-section elementor-inner-section elementor-element elementor-element-7bf82bcb elementor-section-boxed elementor-section-height-default elementor-section-height-default\" data-id=\"7bf82bcb\" data-element_type=\"section\" data-settings=\"{&quot;background_background&quot;:&quot;classic&quot;}\">\n\t\t\t\t\t\t<div class=\"elementor-container elementor-column-gap-default\">\n\t\t\t\t\t<div class=\"elementor-column elementor-col-100 elementor-inner-column elementor-element elementor-element-2fff7131\" data-id=\"2fff7131\" data-element_type=\"column\">\n\t\t\t<div class=\"elementor-widget-wrap elementor-element-populated\">\n\t\t\t\t\t\t<div class=\"elementor-element elementor-element-5ac57858 wd-width-100 elementor-widget elementor-widget-wd_title\" data-id=\"5ac57858\" data-element_type=\"widget\" data-widget_type=\"wd_title.default\">\n\t\t\t\t<div class=\"elementor-widget-container\">\n\t\t\t\t\t\t\t<div class=\"title-wrapper wd-set-mb reset-last-child wd-title-color-default wd-title-style-default wd-title-size-default text-left\">\n\n\t\t\t\n\t\t\t<div class=\"liner-continer\">\n\t\t\t\t<h4 class=\"woodmart-title-container title wd-fontsize-l\">Mi az a Gicl\u00e9e?<\/h4> \n\t\t\t\t\t\t\t<\/div>\n\n\t\t\t\t\t<\/div>\n\t\t\t\t\t\t<\/div>\n\t\t\t\t<\/div>\n\t\t\t\t<div class=\"elementor-element elementor-element-59455161 elementor-widget elementor-widget-wd_text_block\" data-id=\"59455161\" data-element_type=\"widget\" data-widget_type=\"wd_text_block.default\">\n\t\t\t\t<div class=\"elementor-widget-container\">\n\t\t\t\t\t\t\t<div class=\"wd-text-block reset-last-child text-left\">\n\t\t\t\n\t\t\t<p><strong>S\u00e1volt Karolina<\/strong>\u00a0\u2013 korunk egyik legfiatalabb alkot\u00f3 m\u0171v\u00e9sze,\u00a0<strong>n\u00e9h\u00e1ny festm\u00e9ny\u00e9t a legmagasabb min\u0151s\u00e9g\u0171 Gicl\u00e9e nyomtat\u00e1sban is el\u00e9rhet\u0151, limit\u00e1lt, sorsz\u00e1mozott, certifik\u00e1ci\u00f3val ell\u00e1tva<\/strong>. A c\u00e9l az, hogy min\u00e9l t\u00f6bb emberhez el tudjon \u00e9rni m\u0171v\u00e9szet\u00e9vel, megismerhet\u0151bb\u00e9 v\u00e1ljon mind az az \u00fczenet, amelyet Karolina k\u00e9pvisel.\u00a0<strong>A\u00a0gicl\u00e9e nyomtat\u00e1s\u00a0a m\u0171v\u00e9szi nyomtat\u00e1s \u00faj, korszer\u0171 m\u00f3dja, mely megfelel a m\u0171v\u00e9szek, a gy\u0171jt\u0151k \u00e9s a m\u00fazeumok legmagasabb elv\u00e1r\u00e1sainak.<\/strong><br \/>Emiatt a gicl\u00e9e\u00a0m\u0171v\u00e9szi nyomtat\u00e1s\u00a0m\u00e1r egyen\u00e9rt\u00e9k\u0171 a sokkal ismertebb hagyom\u00e1nyos nyomtat\u00e1si technik\u00e1kkal \u2013 a r\u00e9zkarccal, a szitanyom\u00e1ssal \u00e9s a litogr\u00e1fi\u00e1val.\u00a0A gicl\u00e9e m\u0171v\u00e9szi\u00a0nyomatok\u00a0a ma el\u00e9rhet\u0151 legjobb min\u0151s\u00e9g\u0171 nyomtatott term\u00e9kek, egyben a legkorszer\u0171bb technik\u00e1val k\u00e9sz\u00fclnek.<\/p>\n\t\t\t\t\t<\/div>\n\t\t\t\t\t\t<\/div>\n\t\t\t\t<\/div>\n\t\t\t\t\t<\/div>\n\t\t<\/div>\n\t\t\t\t\t<\/div>\n\t\t<\/section>\n\t\t\t\t\t<\/div>\n\t\t<\/div>\n\t\t\t\t<div class=\"elementor-column elementor-col-50 elementor-top-column elementor-element elementor-element-11f17ece\" data-id=\"11f17ece\" data-element_type=\"column\">\n\t\t\t<div class=\"elementor-widget-wrap elementor-element-populated\">\n\t\t\t\t\t\t<div class=\"elementor-element elementor-element-1b8b76ea elementor-widget elementor-widget-wd_image_or_svg\" data-id=\"1b8b76ea\" data-element_type=\"widget\" data-widget_type=\"wd_image_or_svg.default\">\n\t\t\t\t<div class=\"elementor-widget-container\">\n\t\t\t\t\t\n\t\t<div class=\"wd-image text-center\">\n\t\t\t\t\t\t\t\t<img fetchpriority=\"high\" decoding=\"async\" width=\"768\" height=\"541\" src=\"https:\/\/carolynarts.com\/wp-content\/uploads\/2025\/07\/IMG_1751-1-768x541.jpg\" class=\"attachment-medium_large size-medium_large\" alt=\"\" srcset=\"https:\/\/carolynarts.com\/wp-content\/uploads\/2025\/07\/IMG_1751-1-768x541.jpg 768w, https:\/\/carolynarts.com\/wp-content\/uploads\/2025\/07\/IMG_1751-1-400x282.jpg 400w, https:\/\/carolynarts.com\/wp-content\/uploads\/2025\/07\/IMG_1751-1-1135x800.jpg 1135w, https:\/\/carolynarts.com\/wp-content\/uploads\/2025\/07\/IMG_1751-1-18x12.jpg 18w, https:\/\/carolynarts.com\/wp-content\/uploads\/2025\/07\/IMG_1751-1-700x493.jpg 700w, https:\/\/carolynarts.com\/wp-content\/uploads\/2025\/07\/IMG_1751-1-150x106.jpg 150w, https:\/\/carolynarts.com\/wp-content\/uploads\/2025\/07\/IMG_1751-1.jpg 1510w\" sizes=\"(max-width: 768px) 100vw, 768px\" \/>\t\t\t\t\t<\/div>\n\n\t\t\t\t\t\t<\/div>\n\t\t\t\t<\/div>\n\t\t\t\t\t<\/div>\n\t\t<\/div>\n\t\t\t\t\t<\/div>\n\t\t<\/section>\n\t\t\t\t<section class=\"wd-negative-gap elementor-section elementor-top-section elementor-element elementor-element-59d1074e elementor-section-content-middle elementor-section-boxed elementor-section-height-default elementor-section-height-default\" data-id=\"59d1074e\" data-element_type=\"section\">\n\t\t\t\t\t\t<div class=\"elementor-container elementor-column-gap-default\">\n\t\t\t\t\t<div class=\"elementor-column elementor-col-50 elementor-top-column elementor-element elementor-element-3138033c\" data-id=\"3138033c\" data-element_type=\"column\">\n\t\t\t<div class=\"elementor-widget-wrap elementor-element-populated\">\n\t\t\t\t\t\t<div class=\"elementor-element elementor-element-65159de1 elementor-widget elementor-widget-wd_image_or_svg\" data-id=\"65159de1\" data-element_type=\"widget\" data-widget_type=\"wd_image_or_svg.default\">\n\t\t\t\t<div class=\"elementor-widget-container\">\n\t\t\t\t\t\n\t\t<div class=\"wd-image text-left\">\n\t\t\t\t\t\t\t\t<img decoding=\"async\" width=\"768\" height=\"1084\" src=\"https:\/\/carolynarts.com\/wp-content\/uploads\/2025\/07\/IMG_9169-768x1084.jpg\" class=\"attachment-medium_large size-medium_large\" alt=\"\" srcset=\"https:\/\/carolynarts.com\/wp-content\/uploads\/2025\/07\/IMG_9169-768x1084.jpg 768w, https:\/\/carolynarts.com\/wp-content\/uploads\/2025\/07\/IMG_9169-212x300.jpg 212w, https:\/\/carolynarts.com\/wp-content\/uploads\/2025\/07\/IMG_9169-567x800.jpg 567w, https:\/\/carolynarts.com\/wp-content\/uploads\/2025\/07\/IMG_9169-1088x1536.jpg 1088w, https:\/\/carolynarts.com\/wp-content\/uploads\/2025\/07\/IMG_9169-8x12.jpg 8w, https:\/\/carolynarts.com\/wp-content\/uploads\/2025\/07\/IMG_9169-700x988.jpg 700w, https:\/\/carolynarts.com\/wp-content\/uploads\/2025\/07\/IMG_9169-150x212.jpg 150w, https:\/\/carolynarts.com\/wp-content\/uploads\/2025\/07\/IMG_9169.jpg 1129w\" sizes=\"(max-width: 768px) 100vw, 768px\" \/>\t\t\t\t\t<\/div>\n\n\t\t\t\t\t\t<\/div>\n\t\t\t\t<\/div>\n\t\t\t\t\t<\/div>\n\t\t<\/div>\n\t\t\t\t<div class=\"elementor-column elementor-col-50 elementor-top-column elementor-element elementor-element-1e48d30\" data-id=\"1e48d30\" data-element_type=\"column\" data-settings=\"{&quot;background_background&quot;:&quot;classic&quot;}\">\n\t\t\t<div class=\"elementor-widget-wrap elementor-element-populated\">\n\t\t\t\t\t\t<div class=\"elementor-element elementor-element-189fbf83 wd-width-100 elementor-widget elementor-widget-wd_title\" data-id=\"189fbf83\" data-element_type=\"widget\" data-widget_type=\"wd_title.default\">\n\t\t\t\t<div class=\"elementor-widget-container\">\n\t\t\t\t\t\t\t<div class=\"title-wrapper wd-set-mb reset-last-child wd-title-color-default wd-title-style-default wd-title-size-default text-left\">\n\n\t\t\t\n\t\t\t<div class=\"liner-continer\">\n\t\t\t\t<h4 class=\"woodmart-title-container title wd-fontsize-l wd-underline-colored\">Festm\u00e9ny nyomat<\/h4> \n\t\t\t\t\t\t\t<\/div>\n\n\t\t\t\t\t<\/div>\n\t\t\t\t\t\t<\/div>\n\t\t\t\t<\/div>\n\t\t\t\t<div class=\"elementor-element elementor-element-36074270 elementor-widget elementor-widget-wd_text_block\" data-id=\"36074270\" data-element_type=\"widget\" data-widget_type=\"wd_text_block.default\">\n\t\t\t\t<div class=\"elementor-widget-container\">\n\t\t\t\t\t\t\t<div class=\"wd-text-block reset-last-child text-left\">\n\t\t\t\n\t\t\t<p>Karolina festm\u00e9nyeib\u0151l \u2013 speci\u00e1lis pap\u00edrra \u2013 m\u00fazeumi archive nyomat is k\u00e9sz\u00fcl 30x40cm \u00e9s 45x65cm nagys\u00e1gban, m\u0171v\u00e9sz \u00e1ltal al\u00e1\u00edrva. A nyomtat\u00e1s nagy sz\u00edngazdags\u00e1g\u00fa, ez\u00e1ltal nagy hiteless\u00e9g\u0171. A v\u00e9gleges nyomat k\u00e9pmin\u0151s\u00e9ge rendk\u00edv\u00fcl magas, gazdag sz\u00ednt\u00f3nusokkal.<\/p>\n\t\t\t\t\t<\/div>\n\t\t\t\t\t\t<\/div>\n\t\t\t\t<\/div>\n\t\t\t\t\t<\/div>\n\t\t<\/div>\n\t\t\t\t\t<\/div>\n\t\t<\/section>\n\t\t\t\t<section class=\"wd-negative-gap elementor-section elementor-top-section elementor-element elementor-element-453e5608 elementor-section-content-middle elementor-section-boxed elementor-section-height-default elementor-section-height-default\" data-id=\"453e5608\" data-element_type=\"section\">\n\t\t\t\t\t\t<div class=\"elementor-container elementor-column-gap-default\">\n\t\t\t\t\t<div class=\"elementor-column elementor-col-100 elementor-top-column elementor-element elementor-element-1b374ed5\" data-id=\"1b374ed5\" data-element_type=\"column\">\n\t\t\t<div class=\"elementor-widget-wrap elementor-element-populated\">\n\t\t\t\t\t\t<div class=\"elementor-element elementor-element-6f914fe9 wd-width-100 elementor-widget elementor-widget-wd_title\" data-id=\"6f914fe9\" data-element_type=\"widget\" data-widget_type=\"wd_title.default\">\n\t\t\t\t<div class=\"elementor-widget-container\">\n\t\t\t\t\t\t\t<div class=\"title-wrapper wd-set-mb reset-last-child wd-title-color-default wd-title-style-default wd-title-size-default text-center\">\n\n\t\t\t\n\t\t\t<div class=\"liner-continer\">\n\t\t\t\t<h4 class=\"woodmart-title-container title wd-fontsize-l\">Fontos inform\u00e1ci\u00f3k a  Gicl\u00e9e-vel kapcsolatban<\/h4> \n\t\t\t\t\t\t\t<\/div>\n\n\t\t\t\t\t\t\t<div class=\"title-after_title reset-last-child wd-fontsize-xs\">\n\t\t\t\t\t<h4>A k\u00e9pek k\u00f3dj\u00e1t a gal\u00e9ria oldal\u00e1n a k\u00e9pre kattintva tekintheti meg a k\u00e9p alatt.<\/h4><p>A gal\u00e9ri\u00e1ban felt\u00fcntetett k\u00e9peken Carolynarts hologrammokkal vannak ell\u00e1tva a szerz\u0151i jogv\u00e9delem \u00e9rdek\u00e9ben, amelyek a nyomtat\u00e1skor leker\u00fclnek.<\/p>\t\t\t\t<\/div>\n\t\t\t\t\t<\/div>\n\t\t\t\t\t\t<\/div>\n\t\t\t\t<\/div>\n\t\t\t\t\t<\/div>\n\t\t<\/div>\n\t\t\t\t\t<\/div>\n\t\t<\/section>\n\t\t\t\t<section class=\"wd-negative-gap elementor-section elementor-top-section elementor-element elementor-element-252ff77a elementor-section-boxed elementor-section-height-default elementor-section-height-default\" data-id=\"252ff77a\" data-element_type=\"section\">\n\t\t\t\t\t\t<div class=\"elementor-container elementor-column-gap-default\">\n\t\t\t\t\t<div class=\"elementor-column elementor-col-50 elementor-top-column elementor-element elementor-element-67c8f6e4\" data-id=\"67c8f6e4\" data-element_type=\"column\">\n\t\t\t<div class=\"elementor-widget-wrap elementor-element-populated\">\n\t\t\t\t\t\t<div class=\"elementor-element elementor-element-698a4090 wd-width-100 elementor-widget elementor-widget-wd_title\" data-id=\"698a4090\" data-element_type=\"widget\" data-widget_type=\"wd_title.default\">\n\t\t\t\t<div class=\"elementor-widget-container\">\n\t\t\t\t\t\t\t<div class=\"title-wrapper wd-set-mb reset-last-child wd-title-color-default wd-title-style-bordered wd-title-size-default text-left\">\n\n\t\t\t\n\t\t\t<div class=\"liner-continer\">\n\t\t\t\t<h4 class=\"woodmart-title-container title wd-fontsize-l\">\u00c9rdekl\u0151d\u00e9s a Gicl\u00e9e-r\u0151l<\/h4> \n\t\t\t\t\t\t\t<\/div>\n\n\t\t\t\t\t<\/div>\n\t\t\t\t\t\t<\/div>\n\t\t\t\t<\/div>\n\t\t\t\t<div class=\"elementor-element elementor-element-9e0fe8e wd-cf7 elementor-widget elementor-widget-wd_contact_form_7\" data-id=\"9e0fe8e\" data-element_type=\"widget\" data-widget_type=\"wd_contact_form_7.default\">\n\t\t\t\t<div class=\"elementor-widget-container\">\n\t\t\t\t\t\n<div class=\"wpcf7 no-js\" id=\"wpcf7-f29790-o1\" lang=\"hu-HU\" dir=\"ltr\" data-wpcf7-id=\"29790\">\n<div class=\"screen-reader-response\"><p role=\"status\" aria-live=\"polite\" aria-atomic=\"true\"><\/p> <ul><\/ul><\/div>\n<form action=\"\/en\/wp-json\/wp\/v2\/pages\/29158#wpcf7-f29790-o1\" method=\"post\" class=\"wpcf7-form init\" aria-label=\"Kapcsolatfelv\u00e9teli \u0171rlap\" novalidate=\"novalidate\" data-status=\"init\">\n<fieldset class=\"hidden-fields-container\"><input type=\"hidden\" name=\"_wpcf7\" value=\"29790\" \/><input type=\"hidden\" name=\"_wpcf7_version\" value=\"6.1\" \/><input type=\"hidden\" name=\"_wpcf7_locale\" value=\"hu_HU\" \/><input type=\"hidden\" name=\"_wpcf7_unit_tag\" value=\"wpcf7-f29790-o1\" \/><input type=\"hidden\" name=\"_wpcf7_container_post\" value=\"0\" \/><input type=\"hidden\" name=\"_wpcf7_posted_data_hash\" value=\"\" \/>\n<\/fieldset>\n<p><label> N\u00e9v<br \/>\n<span class=\"wpcf7-form-control-wrap\" data-name=\"your-name\"><input size=\"40\" maxlength=\"400\" class=\"wpcf7-form-control wpcf7-text wpcf7-validates-as-required\" autocomplete=\"name\" aria-required=\"true\" aria-invalid=\"false\" value=\"\" type=\"text\" name=\"your-name\" \/><\/span> <\/label>\n<\/p>\n<p><label> E-mail c\u00edm<br \/>\n<span class=\"wpcf7-form-control-wrap\" data-name=\"your-email\"><input size=\"40\" maxlength=\"400\" class=\"wpcf7-form-control wpcf7-email wpcf7-validates-as-required wpcf7-text wpcf7-validates-as-email\" autocomplete=\"email\" aria-required=\"true\" aria-invalid=\"false\" value=\"\" type=\"email\" name=\"your-email\" \/><\/span> <\/label>\n<\/p>\n<p><label> V\u00e1lassza ki a k\u00e9p k\u00f3dj\u00e1t<br \/>\n<span class=\"wpcf7-form-control-wrap\" data-name=\"select-65\"><select class=\"wpcf7-form-control wpcf7-select\" aria-invalid=\"false\" name=\"select-65\"><option value=\"22\/010\">22\/010<\/option><option value=\"22\/011\">22\/011<\/option><option value=\"23\/010\">23\/010<\/option><option value=\"23\/011\">23\/011<\/option><option value=\"23\/012\">23\/012<\/option><option value=\"23\/013\">23\/013<\/option><option value=\"23\/014\">23\/014<\/option><option value=\"23\/015\">23\/015<\/option><option value=\"23\/016\">23\/016<\/option><option value=\"23\/017\">23\/017<\/option><option value=\"23\/018\">23\/018<\/option><option value=\"24\/010\">24\/010<\/option><option value=\"24\/011\">24\/011<\/option><option value=\"24\/012\">24\/012<\/option><option value=\"24\/013\">24\/013<\/option><option value=\"24\/014\">24\/014<\/option><option value=\"24\/015\">24\/015<\/option><option value=\"24\/016\">24\/016<\/option><option value=\"24\/017\">24\/017<\/option><option value=\"24\/018\">24\/018<\/option><option value=\"24\/019\">24\/019<\/option><option value=\"24\/020\">24\/020<\/option><option value=\"25\/010\">25\/010<\/option><option value=\"25\/011\">25\/011<\/option><option value=\"25\/012\">25\/012<\/option><option value=\"25\/013\">25\/013<\/option><option value=\"25\/014\">25\/014<\/option><option value=\"25\/015\">25\/015<\/option><option value=\"25\/016\">25\/016<\/option><option value=\"25\/017\">25\/017<\/option><option value=\"25\/018\">25\/018<\/option><option value=\"25\/019\">25\/019<\/option><\/select><\/span> <\/label>\n<\/p>\n<p><label> \u00dczenet (nem k\u00f6telez\u0151)<br \/>\n<span class=\"wpcf7-form-control-wrap\" data-name=\"your-message\"><textarea cols=\"40\" rows=\"10\" maxlength=\"2000\" class=\"wpcf7-form-control wpcf7-textarea\" aria-invalid=\"false\" name=\"your-message\"><\/textarea><\/span> <\/label>\n<\/p>\n<p><input class=\"wpcf7-form-control wpcf7-submit has-spinner\" type=\"submit\" value=\"K\u00fcld\u00e9s\" \/>\n<\/p><p style=\"display: none !important;\" class=\"akismet-fields-container\" data-prefix=\"_wpcf7_ak_\"><label>&#916;<textarea name=\"_wpcf7_ak_hp_textarea\" cols=\"45\" rows=\"8\" maxlength=\"100\"><\/textarea><\/label><input type=\"hidden\" id=\"ak_js_1\" name=\"_wpcf7_ak_js\" value=\"114\"\/><script type=\"text\/javascript\">\n\/* <![CDATA[ *\/\ndocument.getElementById( \"ak_js_1\" ).setAttribute( \"value\", ( new Date() ).getTime() );\n\/* ]]> *\/\n<\/script>\n<\/p><div class=\"wpcf7-response-output\" aria-hidden=\"true\"><\/div>\n<\/form>\n<\/div>\n\t\t\t\t<\/div>\n\t\t\t\t<\/div>\n\t\t\t\t\t<\/div>\n\t\t<\/div>\n\t\t\t\t<div class=\"elementor-column elementor-col-50 elementor-top-column elementor-element elementor-element-13127d19\" data-id=\"13127d19\" data-element_type=\"column\">\n\t\t\t<div class=\"elementor-widget-wrap elementor-element-populated\">\n\t\t\t\t\t\t<section class=\"wd-negative-gap elementor-section elementor-inner-section elementor-element elementor-element-1c65cca9 elementor-section-boxed elementor-section-height-default elementor-section-height-default\" data-id=\"1c65cca9\" data-element_type=\"section\">\n\t\t\t\t\t\t<div class=\"elementor-container elementor-column-gap-default\">\n\t\t\t\t\t<div class=\"elementor-column elementor-col-100 elementor-inner-column elementor-element elementor-element-7c60145b\" data-id=\"7c60145b\" data-element_type=\"column\">\n\t\t\t<div class=\"elementor-widget-wrap elementor-element-populated\">\n\t\t\t\t\t\t<div class=\"elementor-element elementor-element-722b05b7 elementor-widget elementor-widget-wd_infobox\" data-id=\"722b05b7\" data-element_type=\"widget\" data-widget_type=\"wd_infobox.default\">\n\t\t\t\t<div class=\"elementor-widget-container\">\n\t\t\t\t\t\t\t<div class=\"info-box-wrapper\">\n\t\t\t<div class=\"wd-info-box text-left box-icon-align-left box-style-base color-scheme- wd-items-top\">\n\t\t\t\t\t\t\t\t\t<div class=\"box-icon-wrapper  box-with-text text-size-default box-icon-with-bg\">\n\t\t\t\t\t\t<div class=\"info-box-icon\">\n\t\t\t\t\t\t\t\t\t\t\t\t\t\t\t1\t\t\t\t\t\t\t\t\t\t\t\t\t<\/div>\n\t\t\t\t\t<\/div>\n\t\t\t\t\n\t\t\t\t<div class=\"info-box-content\">\n\t\t\t\t\t\n\t\t\t\t\t\t\t\t\t\t\t<h4\t\t\t\t\t\tclass=\"info-box-title title box-title-style-default wd-fontsize-s\" data-elementor-setting-key=\"title\">\n\t\t\t\t\t\t\t\tK\u00c9P M\u00c9RETEK\t\t\t\t\t\t<\/h4>\n\t\t\t\t\t\n\t\t\t\t\t<div class=\"info-box-inner reset-last-child\"data-elementor-setting-key=\"content\"><p>65 X 45 cm, 80 X 60 cm, 90 X 130 cm<\/p>\n<\/div>\n\n\t\t\t\t\t\t\t\t\t<\/div>\n\n\t\t\t\t\t\t\t<\/div>\n\t\t<\/div>\n\t\t\t\t\t\t<\/div>\n\t\t\t\t<\/div>\n\t\t\t\t<div class=\"elementor-element elementor-element-b58310d elementor-widget elementor-widget-wd_infobox\" data-id=\"b58310d\" data-element_type=\"widget\" data-widget_type=\"wd_infobox.default\">\n\t\t\t\t<div class=\"elementor-widget-container\">\n\t\t\t\t\t\t\t<div class=\"info-box-wrapper\">\n\t\t\t<div class=\"wd-info-box text-left box-icon-align-left box-style-base color-scheme- wd-items-top\">\n\t\t\t\t\t\t\t\t\t<div class=\"box-icon-wrapper  box-with-text text-size-default box-icon-with-bg\">\n\t\t\t\t\t\t<div class=\"info-box-icon\">\n\t\t\t\t\t\t\t\t\t\t\t\t\t\t\t2\t\t\t\t\t\t\t\t\t\t\t\t\t<\/div>\n\t\t\t\t\t<\/div>\n\t\t\t\t\n\t\t\t\t<div class=\"info-box-content\">\n\t\t\t\t\t\n\t\t\t\t\t\t\t\t\t\t\t<h4\t\t\t\t\t\tclass=\"info-box-title title box-title-style-default wd-fontsize-s\" data-elementor-setting-key=\"title\">\n\t\t\t\t\t\t\t\tK\u00c9P T\u00cdPUSA\t\t\t\t\t\t<\/h4>\n\t\t\t\t\t\n\t\t\t\t\t<div class=\"info-box-inner reset-last-child\"data-elementor-setting-key=\"content\"><p>Fine art \u2013 Gicl\u00e9e m\u00fazeumi nyomat, certifik\u00e1ci\u00f3val - Speci\u00e1lis pap\u00edrra (limit\u00e1lt sz\u00e9ria)<\/p>\n<p>Fine art \u2013 Gicl\u00e9e v\u00e1szonnyomat, certifik\u00e1ci\u00f3val<\/p>\n<\/div>\n\n\t\t\t\t\t\t\t\t\t<\/div>\n\n\t\t\t\t\t\t\t<\/div>\n\t\t<\/div>\n\t\t\t\t\t\t<\/div>\n\t\t\t\t<\/div>\n\t\t\t\t<div class=\"elementor-element elementor-element-45bdbf13 elementor-widget elementor-widget-wd_infobox\" data-id=\"45bdbf13\" data-element_type=\"widget\" data-widget_type=\"wd_infobox.default\">\n\t\t\t\t<div class=\"elementor-widget-container\">\n\t\t\t\t\t\t\t<div class=\"info-box-wrapper\">\n\t\t\t<div class=\"wd-info-box text-left box-icon-align-left box-style-base color-scheme- wd-items-top\">\n\t\t\t\t\t\t\t\t\t<div class=\"box-icon-wrapper  box-with-text text-size-default box-icon-with-bg\">\n\t\t\t\t\t\t<div class=\"info-box-icon\">\n\t\t\t\t\t\t\t\t\t\t\t\t\t\t\t3\t\t\t\t\t\t\t\t\t\t\t\t\t<\/div>\n\t\t\t\t\t<\/div>\n\t\t\t\t\n\t\t\t\t<div class=\"info-box-content\">\n\t\t\t\t\t\n\t\t\t\t\t\t\t\t\t\t\t<h4\t\t\t\t\t\tclass=\"info-box-title title box-title-style-default wd-fontsize-s\" data-elementor-setting-key=\"title\">\n\t\t\t\t\t\t\t\tA K\u00c9PEK ILLUSZTR\u00c1CI\u00d3K!\t\t\t\t\t\t<\/h4>\n\t\t\t\t\t\n\t\t\t\t\t<div class=\"info-box-inner reset-last-child\"data-elementor-setting-key=\"content\"><p>A Gicl\u00e9e m\u00fazeumi nyomatokat speci\u00e1lis pap\u00edrra nyomtatjuk, keret \u00e9s paszpartu n\u00e9lk\u00fcl post\u00e1zzuk.<\/p>\n<p>A v\u00e1szonk\u00e9peket f\u00e9nyes bevonat\u00fa, 100% pamut v\u00e1szonra nyomtatjuk, fa keretre fesz\u00edtve k\u00fcldj\u00fck.<\/p>\n<\/div>\n\n\t\t\t\t\t\t\t\t\t<\/div>\n\n\t\t\t\t\t\t\t<\/div>\n\t\t<\/div>\n\t\t\t\t\t\t<\/div>\n\t\t\t\t<\/div>\n\t\t\t\t<div class=\"elementor-element elementor-element-1d2c06c6 elementor-widget elementor-widget-wd_infobox\" data-id=\"1d2c06c6\" data-element_type=\"widget\" data-widget_type=\"wd_infobox.default\">\n\t\t\t\t<div class=\"elementor-widget-container\">\n\t\t\t\t\t\t\t<div class=\"info-box-wrapper\">\n\t\t\t<div class=\"wd-info-box text-left box-icon-align-left box-style-base color-scheme- wd-items-top\">\n\t\t\t\t\t\t\t\t\t<div class=\"box-icon-wrapper  box-with-text text-size-default box-icon-with-bg\">\n\t\t\t\t\t\t<div class=\"info-box-icon\">\n\t\t\t\t\t\t\t\t\t\t\t\t\t\t\t4\t\t\t\t\t\t\t\t\t\t\t\t\t<\/div>\n\t\t\t\t\t<\/div>\n\t\t\t\t\n\t\t\t\t<div class=\"info-box-content\">\n\t\t\t\t\t\n\t\t\t\t\t\t\t\t\t\t\t<h4\t\t\t\t\t\tclass=\"info-box-title title box-title-style-default wd-fontsize-s\" data-elementor-setting-key=\"title\">\n\t\t\t\t\t\t\t\tLIMIT\u00c1LT DARABSZ\u00c1M\t\t\t\t\t\t<\/h4>\n\t\t\t\t\t\n\t\t\t\t\t<div class=\"info-box-inner reset-last-child\"data-elementor-setting-key=\"content\"><p>Kis m\u00e9ret: limit\u00e1lt p\u00e9ld\u00e1nysz\u00e1m, certifik\u00e1ci\u00f3val, al\u00e1\u00edrva.<\/p>\n<p>K\u00f6zepes m\u00e9ret: limit\u00e1lt p\u00e9ld\u00e1nysz\u00e1m, certifik\u00e1ci\u00f3val, al\u00e1\u00edrva.<\/p>\n<p>Nagy m\u00e9ret: limit\u00e1lt p\u00e9ld\u00e1nysz\u00e1m, certifik\u00e1ci\u00f3val, al\u00e1\u00edrva.<\/p>\n<\/div>\n\n\t\t\t\t\t\t\t\t\t<\/div>\n\n\t\t\t\t\t\t\t<\/div>\n\t\t<\/div>\n\t\t\t\t\t\t<\/div>\n\t\t\t\t<\/div>\n\t\t\t\t\t<\/div>\n\t\t<\/div>\n\t\t\t\t\t<\/div>\n\t\t<\/section>\n\t\t\t\t\t<\/div>\n\t\t<\/div>\n\t\t\t\t\t<\/div>\n\t\t<\/section>\n\t\t\t\t<\/div>\n\t\t","protected":false},"excerpt":{"rendered":"<p>Mi az a Gicl\u00e9e? S\u00e1volt Karolina\u00a0\u2013 korunk egyik legfiatalabb alkot\u00f3 m\u0171v\u00e9sze,\u00a0n\u00e9h\u00e1ny festm\u00e9ny\u00e9t a legmagasabb min\u0151s\u00e9g\u0171 Gicl\u00e9e nyomtat\u00e1sban is el\u00e9rhet\u0151, limit\u00e1lt,<\/p>","protected":false},"author":1,"featured_media":0,"parent":0,"menu_order":0,"comment_status":"closed","ping_status":"closed","template":"elementor_header_footer","meta":{"_themeisle_gutenberg_block_has_review":false,"footnotes":""},"class_list":["post-29158","page","type-page","status-publish","hentry"],"_links":{"self":[{"href":"https:\/\/carolynarts.com\/en\/wp-json\/wp\/v2\/pages\/29158","targetHints":{"allow":["GET"]}}],"collection":[{"href":"https:\/\/carolynarts.com\/en\/wp-json\/wp\/v2\/pages"}],"about":[{"href":"https:\/\/carolynarts.com\/en\/wp-json\/wp\/v2\/types\/page"}],"author":[{"embeddable":true,"href":"https:\/\/carolynarts.com\/en\/wp-json\/wp\/v2\/users\/1"}],"replies":[{"embeddable":true,"href":"https:\/\/carolynarts.com\/en\/wp-json\/wp\/v2\/comments?post=29158"}],"version-history":[{"count":0,"href":"https:\/\/carolynarts.com\/en\/wp-json\/wp\/v2\/pages\/29158\/revisions"}],"wp:attachment":[{"href":"https:\/\/carolynarts.com\/en\/wp-json\/wp\/v2\/media?parent=29158"}],"curies":[{"name":"wp","href":"https:\/\/api.w.org\/{rel}","templated":true}]}}